{"id":476,"date":"2023-09-24T19:10:21","date_gmt":"2023-09-24T17:10:21","guid":{"rendered":"http:\/\/nutribalance.cat\/?page_id=476"},"modified":"2023-09-24T19:10:51","modified_gmt":"2023-09-24T17:10:51","slug":"mapa-del-sitio","status":"publish","type":"page","link":"https:\/\/nutribalance.cat\/ca\/mapa-del-sitio\/","title":{"rendered":"Mapa web"},"content":{"rendered":"<style>.elementor-476 .elementor-element.elementor-element-3a517abd:not(.elementor-motion-effects-element-type-background), .elementor-476 .elementor-element.elementor-element-3a517abd > .elementor-motion-effects-container > .elementor-motion-effects-layer{background-image:url(\"https:\/\/nutribalance.cat\/wp-content\/uploads\/2023\/09\/12.jpg\");background-position:center center;background-repeat:no-repeat;background-size:cover;}.elementor-476 .elementor-element.elementor-element-3a517abd > .elementor-background-overlay{background-color:transparent;background-image:linear-gradient(180deg, var( --e-global-color-044b931 ) 0%, var( --e-global-color-bb890b8 ) 100%);opacity:0.6;transition:background 0.3s, border-radius 0.3s, opacity 0.3s;}.elementor-476 .elementor-element.elementor-element-3a517abd{transition:background 0.3s, border 0.3s, border-radius 0.3s, box-shadow 0.3s;padding:14em 0em 7em 0em;}.elementor-bc-flex-widget .elementor-476 .elementor-element.elementor-element-700faa66.elementor-column .elementor-widget-wrap{align-items:center;}.elementor-476 .elementor-element.elementor-element-700faa66.elementor-column.elementor-element[data-element_type=\"column\"] > .elementor-widget-wrap.elementor-element-populated{align-content:center;align-items:center;}.elementor-476 .elementor-element.elementor-element-700faa66.elementor-column > .elementor-widget-wrap{justify-content:center;}.elementor-476 .elementor-element.elementor-element-35d2a11a{text-align:center;z-index:1;}.elementor-476 .elementor-element.elementor-element-35d2a11a .elementor-heading-title{font-family:\"Manrope\", Sans-serif;font-size:172px;font-weight:700;text-transform:capitalize;line-height:1em;letter-spacing:-2px;color:var( --e-global-color-accent );}.elementor-476 .elementor-element.elementor-element-a61f7e5 > .elementor-container{max-width:720px;}.elementor-476 .elementor-element.elementor-element-a61f7e5{z-index:2;}.elementor-476 .elementor-element.elementor-element-14ecbb08 > .elementor-element-populated{padding:2em 2em 2em 2em;}.elementor-476 .elementor-element.elementor-element-5d65a9dd .elementor-icon-list-items:not(.elementor-inline-items) .elementor-icon-list-item:not(:last-child){padding-block-end:calc(14px\/2);}.elementor-476 .elementor-element.elementor-element-5d65a9dd .elementor-icon-list-items:not(.elementor-inline-items) .elementor-icon-list-item:not(:first-child){margin-block-start:calc(14px\/2);}.elementor-476 .elementor-element.elementor-element-5d65a9dd .elementor-icon-list-items.elementor-inline-items .elementor-icon-list-item{margin-inline:calc(14px\/2);}.elementor-476 .elementor-element.elementor-element-5d65a9dd .elementor-icon-list-items.elementor-inline-items{margin-inline:calc(-14px\/2);}.elementor-476 .elementor-element.elementor-element-5d65a9dd .elementor-icon-list-items.elementor-inline-items .elementor-icon-list-item:after{inset-inline-end:calc(-14px\/2);}.elementor-476 .elementor-element.elementor-element-5d65a9dd .elementor-icon-list-icon i{color:var( --e-global-color-bb890b8 );transition:color 0.3s;}.elementor-476 .elementor-element.elementor-element-5d65a9dd .elementor-icon-list-icon svg{fill:var( --e-global-color-bb890b8 );transition:fill 0.3s;}.elementor-476 .elementor-element.elementor-element-5d65a9dd{--e-icon-list-icon-size:14px;--icon-vertical-offset:0px;}.elementor-476 .elementor-element.elementor-element-5d65a9dd .elementor-icon-list-icon{padding-inline-end:14px;}.elementor-476 .elementor-element.elementor-element-5d65a9dd .elementor-icon-list-item > .elementor-icon-list-text, .elementor-476 .elementor-element.elementor-element-5d65a9dd .elementor-icon-list-item > a{font-family:var( --e-global-typography-7044a64-font-family ), Sans-serif;font-size:var( --e-global-typography-7044a64-font-size );font-weight:var( --e-global-typography-7044a64-font-weight );line-height:var( --e-global-typography-7044a64-line-height );letter-spacing:var( --e-global-typography-7044a64-letter-spacing );word-spacing:var( --e-global-typography-7044a64-word-spacing );}.elementor-476 .elementor-element.elementor-element-5d65a9dd .elementor-icon-list-text{color:var( --e-global-color-text );transition:color 0.3s;}.elementor-476 .elementor-element.elementor-element-77e81336{text-align:center;}.elementor-476 .elementor-element.elementor-element-77e81336 .elementor-heading-title{color:var( --e-global-color-text );}.elementor-476 .elementor-element.elementor-element-cf21c10{--display:flex;--flex-direction:column;--container-widget-width:100%;--container-widget-height:initial;--container-widget-flex-grow:0;--container-widget-align-self:initial;--flex-wrap-mobile:wrap;--padding-top:4em;--padding-bottom:4em;--padding-left:0em;--padding-right:0em;}.elementor-476 .elementor-element.elementor-element-ba6f356 .elementor-sitemap-section{flex-basis:calc( 1 \/ 4 * 100% );}.elementor-476 .elementor-element.elementor-element-ba6f356 .elementor-sitemap-list, .elementor-476 .elementor-element.elementor-element-ba6f356 .elementor-sitemap-list .children{list-style-type:disc;}@media(min-width:1025px){.elementor-476 .elementor-element.elementor-element-3a517abd:not(.elementor-motion-effects-element-type-background), .elementor-476 .elementor-element.elementor-element-3a517abd > .elementor-motion-effects-container > .elementor-motion-effects-layer{background-attachment:fixed;}}@media(max-width:1024px){.elementor-476 .elementor-element.elementor-element-3a517abd{padding:10em 0em 5em 0em;}.elementor-476 .elementor-element.elementor-element-35d2a11a .elementor-heading-title{font-size:99px;}.elementor-476 .elementor-element.elementor-element-5d65a9dd .elementor-icon-list-item > .elementor-icon-list-text, .elementor-476 .elementor-element.elementor-element-5d65a9dd .elementor-icon-list-item > a{font-size:var( --e-global-typography-7044a64-font-size );line-height:var( --e-global-typography-7044a64-line-height );letter-spacing:var( --e-global-typography-7044a64-letter-spacing );word-spacing:var( --e-global-typography-7044a64-word-spacing );}.elementor-476 .elementor-element.elementor-element-ba6f356 .elementor-sitemap-section{flex-basis:calc( 1 \/ 2 * 100% );}}@media(max-width:767px){.elementor-476 .elementor-element.elementor-element-3a517abd{padding:9em 0em 3em 0em;}.elementor-476 .elementor-element.elementor-element-35d2a11a .elementor-heading-title{font-size:52px;}.elementor-476 .elementor-element.elementor-element-5d65a9dd .elementor-icon-list-item > .elementor-icon-list-text, .elementor-476 .elementor-element.elementor-element-5d65a9dd .elementor-icon-list-item > a{font-size:var( --e-global-typography-7044a64-font-size );line-height:var( --e-global-typography-7044a64-line-height );letter-spacing:var( --e-global-typography-7044a64-letter-spacing );word-spacing:var( --e-global-typography-7044a64-word-spacing );}.elementor-476 .elementor-element.elementor-element-ba6f356 .elementor-sitemap-section{flex-basis:calc( 1 \/ 1 * 100% );}}<\/style>\t\t<div data-elementor-type=\"wp-page\" data-elementor-id=\"476\" class=\"elementor elementor-476\" data-elementor-post-type=\"page\">\n\t\t\t\t\t\t<section class=\"elementor-section elementor-top-section elementor-element elementor-element-3a517abd elementor-section-boxed elementor-section-height-default elementor-section-height-default\" data-id=\"3a517abd\" data-element_type=\"section\" data-e-type=\"section\" data-settings=\"{&quot;background_background&quot;:&quot;classic&quot;}\">\n\t\t\t\t\t\t\t<div class=\"elementor-background-overlay\"><\/div>\n\t\t\t\t\t\t\t<div class=\"elementor-container elementor-column-gap-default\">\n\t\t\t\t\t<div class=\"elementor-column elementor-col-100 elementor-top-column elementor-element elementor-element-700faa66\" data-id=\"700faa66\" data-element_type=\"column\" data-e-type=\"column\">\n\t\t\t<div class=\"elementor-widget-wrap elementor-element-populated\">\n\t\t\t\t\t\t<div class=\"elementor-element elementor-element-35d2a11a elementor-absolute elementor-invisible elementor-widget elementor-widget-heading\" data-id=\"35d2a11a\" data-element_type=\"widget\" data-e-type=\"widget\" data-settings=\"{&quot;_position&quot;:&quot;absolute&quot;,&quot;_animation&quot;:&quot;zoomIn&quot;}\" data-widget_type=\"heading.default\">\n\t\t\t\t<div class=\"elementor-widget-container\">\n\t\t\t\t\t<div class=\"elementor-heading-title elementor-size-default\">Mapa del sitio<\/div>\t\t\t\t<\/div>\n\t\t\t\t<\/div>\n\t\t\t\t<section class=\"elementor-section elementor-inner-section elementor-element elementor-element-a61f7e5 elementor-section-boxed elementor-section-height-default elementor-section-height-default\" data-id=\"a61f7e5\" data-element_type=\"section\" data-e-type=\"section\">\n\t\t\t\t\t\t<div class=\"elementor-container elementor-column-gap-default\">\n\t\t\t\t\t<div class=\"elementor-column elementor-col-100 elementor-inner-column elementor-element elementor-element-14ecbb08\" data-id=\"14ecbb08\" data-element_type=\"column\" data-e-type=\"column\">\n\t\t\t<div class=\"elementor-widget-wrap elementor-element-populated\">\n\t\t\t\t\t\t<div class=\"elementor-element elementor-element-5d65a9dd elementor-icon-list--layout-inline elementor-align-center elementor-list-item-link-full_width elementor-widget elementor-widget-icon-list\" data-id=\"5d65a9dd\" data-element_type=\"widget\" data-e-type=\"widget\" data-widget_type=\"icon-list.default\">\n\t\t\t\t<div class=\"elementor-widget-container\">\n\t\t\t\t\t\t\t<ul class=\"elementor-icon-list-items elementor-inline-items\">\n\t\t\t\t\t\t\t<li class=\"elementor-icon-list-item elementor-inline-item\">\n\t\t\t\t\t\t\t\t\t\t<span class=\"elementor-icon-list-text\">Home<\/span>\n\t\t\t\t\t\t\t\t\t<\/li>\n\t\t\t\t\t\t\t\t<li class=\"elementor-icon-list-item elementor-inline-item\">\n\t\t\t\t\t\t\t\t\t\t\t<span class=\"elementor-icon-list-icon\">\n\t\t\t\t\t\t\t<i aria-hidden=\"true\" class=\"fas fa-chevron-circle-right\"><\/i>\t\t\t\t\t\t<\/span>\n\t\t\t\t\t\t\t\t\t\t<span class=\"elementor-icon-list-text\">Mapa del sitio<\/span>\n\t\t\t\t\t\t\t\t\t<\/li>\n\t\t\t\t\t\t<\/ul>\n\t\t\t\t\t\t<\/div>\n\t\t\t\t<\/div>\n\t\t\t\t<div class=\"elementor-element elementor-element-77e81336 elementor-invisible elementor-widget elementor-widget-heading\" data-id=\"77e81336\" data-element_type=\"widget\" data-e-type=\"widget\" data-settings=\"{&quot;_animation&quot;:&quot;fadeInUp&quot;}\" data-widget_type=\"heading.default\">\n\t\t\t\t<div class=\"elementor-widget-container\">\n\t\t\t\t\t<h1 class=\"elementor-heading-title elementor-size-default\">Mapa del sitio<\/h1>\t\t\t\t<\/div>\n\t\t\t\t<\/div>\n\t\t\t\t\t<\/div>\n\t\t<\/div>\n\t\t\t\t\t<\/div>\n\t\t<\/section>\n\t\t\t\t\t<\/div>\n\t\t<\/div>\n\t\t\t\t\t<\/div>\n\t\t<\/section>\n\t\t<div class=\"elementor-element elementor-element-cf21c10 e-flex e-con-boxed e-con e-parent\" data-id=\"cf21c10\" data-element_type=\"container\" data-e-type=\"container\">\n\t\t\t\t\t<div class=\"e-con-inner\">\n\t\t\t\t<div class=\"elementor-element elementor-element-ba6f356 elementor-widget elementor-widget-sitemap\" data-id=\"ba6f356\" data-element_type=\"widget\" data-e-type=\"widget\" data-widget_type=\"sitemap.default\">\n\t\t\t\t<div class=\"elementor-widget-container\">\n\t\t\t\t\t<div class=\"elementor-sitemap-wrap\"><div class=\"elementor-sitemap-section\"><h2 class=\"elementor-sitemap-title elementor-sitemap-page-title\">Mapa del sitio<\/h2><ul class=\"elementor-sitemap-list elementor-sitemap-page-list\"><li class=\"elementor-sitemap-item elementor-sitemap-item-page page_item page-item-476\"><a href=\"https:\/\/nutribalance.cat\/ca\/mapa-del-sitio\/\">Mapa del sitio<\/a><\/li><li class=\"elementor-sitemap-item elementor-sitemap-item-page page_item page-item-471\"><a href=\"https:\/\/nutribalance.cat\/ca\/declaracion-de-accesibilidad\/\">Declaraci\u00f3n de accesibilidad<\/a><\/li><li class=\"elementor-sitemap-item elementor-sitemap-item-page page_item page-item-466\"><a href=\"https:\/\/nutribalance.cat\/ca\/condiciones-generales\/\">Condiciones generales<\/a><\/li><li class=\"elementor-sitemap-item elementor-sitemap-item-page page_item page-item-461\"><a href=\"https:\/\/nutribalance.cat\/ca\/politica-de-proteccion-de-datos\/\">Pol\u00edtica de protecci\u00f3n de datos<\/a><\/li><li class=\"elementor-sitemap-item elementor-sitemap-item-page page_item page-item-455\"><a href=\"https:\/\/nutribalance.cat\/ca\/politica-de-cookies\/\">Pol\u00edtica de cookies<\/a><\/li><li class=\"elementor-sitemap-item elementor-sitemap-item-page page_item page-item-450\"><a href=\"https:\/\/nutribalance.cat\/ca\/aviso-legal\/\">Aviso legal<\/a><\/li><li class=\"elementor-sitemap-item elementor-sitemap-item-page page_item page-item-436\"><a href=\"https:\/\/nutribalance.cat\/ca\/ficha-tecnica-120-elite-sotabanco\/\">Ficha t\u00e9cnica: 120 Elite Sotabanco<\/a><\/li><li class=\"elementor-sitemap-item elementor-sitemap-item-page page_item page-item-429\"><a href=\"https:\/\/nutribalance.cat\/ca\/ficha-tecnica-120-touch-soprabanco\/\">Ficha t\u00e9cnica: 120 Touch Soprabanco<\/a><\/li><li class=\"elementor-sitemap-item elementor-sitemap-item-page page_item page-item-421\"><a href=\"https:\/\/nutribalance.cat\/ca\/ficha-tecnica-smile\/\">Ficha t\u00e9cnica: Smile<\/a><\/li><li class=\"elementor-sitemap-item elementor-sitemap-item-page page_item page-item-414\"><a href=\"https:\/\/nutribalance.cat\/ca\/ficha-tecnica-up-60-touch\/\">Ficha t\u00e9cnica: Up 60 Touch<\/a><\/li><li class=\"elementor-sitemap-item elementor-sitemap-item-page page_item page-item-406\"><a href=\"https:\/\/nutribalance.cat\/ca\/ficha-tecnica-vitallogik\/\">Ficha t\u00e9cnica: VitalLogik<\/a><\/li><li class=\"elementor-sitemap-item elementor-sitemap-item-page page_item page-item-398\"><a href=\"https:\/\/nutribalance.cat\/ca\/ficha-tecnica-hidro-logik\/\">Ficha t\u00e9cnica: Hidro Logik<\/a><\/li><li class=\"elementor-sitemap-item elementor-sitemap-item-page page_item page-item-383\"><a href=\"https:\/\/nutribalance.cat\/ca\/ficha-tecnica-pura-tech-micro\/\">Ficha t\u00e9cnica: Pura-Tech Micro<\/a><\/li><li class=\"elementor-sitemap-item elementor-sitemap-item-page page_item page-item-375\"><a href=\"https:\/\/nutribalance.cat\/ca\/ficha-tecnica-pura-tech-700\/\">Ficha t\u00e9cnica: Pura Tech 700<\/a><\/li><li class=\"elementor-sitemap-item elementor-sitemap-item-page page_item page-item-367\"><a href=\"https:\/\/nutribalance.cat\/ca\/ficha-tecnica-pura-tech-900\/\">Ficha t\u00e9cnica: Pura Tech 900<\/a><\/li><li class=\"elementor-sitemap-item elementor-sitemap-item-page page_item page-item-359\"><a href=\"https:\/\/nutribalance.cat\/ca\/ficha-tecnica-pro-plus-101\/\">Ficha t\u00e9cnica: Pro Plus 101<\/a><\/li><li class=\"elementor-sitemap-item elementor-sitemap-item-page page_item page-item-357\"><a href=\"https:\/\/nutribalance.cat\/ca\/ficha-tecnica-pro-plus-180\/\">Ficha t\u00e9cnica: Pro Plus 180<\/a><\/li><li class=\"elementor-sitemap-item elementor-sitemap-item-page page_item page-item-349\"><a href=\"https:\/\/nutribalance.cat\/ca\/ficha-tecnica-pro-plus-380\/\">Ficha t\u00e9cnica: Pro Plus 380<\/a><\/li><li class=\"elementor-sitemap-item elementor-sitemap-item-page page_item page-item-338\"><a href=\"https:\/\/nutribalance.cat\/ca\/ficha-tecnica-ecologik\/\">Ficha t\u00e9cnica: EcoLogik<\/a><\/li><li class=\"elementor-sitemap-item elementor-sitemap-item-page page_item page-item-330\"><a href=\"https:\/\/nutribalance.cat\/ca\/ficha-tecnica-osmopack-ls\/\">Ficha t\u00e9cnica: Osmopack LS<\/a><\/li><li class=\"elementor-sitemap-item elementor-sitemap-item-page page_item page-item-315\"><a href=\"https:\/\/nutribalance.cat\/ca\/ficha-tecnica-protecnic\/\">Ficha t\u00e9cnica: ProTecnic<\/a><\/li><li class=\"elementor-sitemap-item elementor-sitemap-item-page page_item page-item-304\"><a href=\"https:\/\/nutribalance.cat\/ca\/ficha-tecnica-smart-thin\/\">Ficha t\u00e9cnica: Smart Thin<\/a><\/li><li class=\"elementor-sitemap-item elementor-sitemap-item-page page_item page-item-281\"><a href=\"https:\/\/nutribalance.cat\/ca\/ficha-tecnica-sanna\/\">Ficha t\u00e9cnica: Sanna<\/a><\/li><li class=\"elementor-sitemap-item elementor-sitemap-item-page page_item page-item-231\"><a href=\"https:\/\/nutribalance.cat\/ca\/productos\/\">Productos<\/a><\/li><li class=\"elementor-sitemap-item elementor-sitemap-item-page page_item page-item-218\"><a href=\"https:\/\/nutribalance.cat\/ca\/contacto\/\">Contacto<\/a><\/li><li class=\"elementor-sitemap-item elementor-sitemap-item-page page_item page-item-196\"><a href=\"https:\/\/nutribalance.cat\/ca\/blog\/\">Blog<\/a><\/li><li class=\"elementor-sitemap-item elementor-sitemap-item-page page_item page-item-190\"><a href=\"https:\/\/nutribalance.cat\/ca\/por-que-nutri-balance\/\">\u00bfPor qu\u00e9 Nutri Balance?<\/a><\/li><li class=\"elementor-sitemap-item elementor-sitemap-item-page page_item page-item-161\"><a href=\"https:\/\/nutribalance.cat\/ca\/quieres-ser-distribuidor\/\">\u00bfQuieres ser distribuidor?<\/a><\/li><li class=\"elementor-sitemap-item elementor-sitemap-item-page page_item page-item-147\"><a href=\"https:\/\/nutribalance.cat\/ca\/quienes-somos\/\">Quienes somos<\/a><\/li><li class=\"elementor-sitemap-item elementor-sitemap-item-page page_item page-item-25\"><a href=\"https:\/\/nutribalance.cat\/ca\/\">Inicio<\/a><\/li><\/ul><\/div><\/div>\t\t\t\t<\/div>\n\t\t\t\t<\/div>\n\t\t\t\t\t<\/div>\n\t\t\t\t<\/div>\n\t\t\t\t<\/div>\n\t\t","protected":false},"excerpt":{"rendered":"<p>Inici<\/p>","protected":false},"author":1,"featured_media":0,"parent":0,"menu_order":0,"comment_status":"closed","ping_status":"closed","template":"page-templates\/template-pagebuilder-full-width.php","meta":{"neve_meta_sidebar":"","neve_meta_container":"","neve_meta_enable_content_width":"off","neve_meta_content_width":100,"neve_meta_title_alignment":"","neve_meta_author_avatar":"","neve_post_elements_order":"","neve_meta_disable_header":"","neve_meta_disable_footer":"","neve_meta_disable_title":"","footnotes":""},"class_list":["post-476","page","type-page","status-publish","hentry"],"yoast_head":"<!-- This site is optimized with the Yoast SEO plugin v27.0 - https:\/\/yoast.com\/product\/yoast-seo-wordpress\/ -->\n<title>Mapa del sitio - Nutri Balance | Transforma tu agua para un hogar m\u00e1s saludable<\/title>\n<meta name=\"robots\" content=\"index, follow, max-snippet:-1, max-image-preview:large, max-video-preview:-1\" \/>\n<link rel=\"canonical\" href=\"https:\/\/nutribalance.cat\/ca\/mapa-del-sitio\/\" \/>\n<meta property=\"og:locale\" content=\"ca_ES\" \/>\n<meta property=\"og:type\" content=\"article\" \/>\n<meta property=\"og:title\" content=\"Mapa del sitio - Nutri Balance | Transforma tu agua para un hogar m\u00e1s saludable\" \/>\n<meta property=\"og:description\" content=\"Home\" \/>\n<meta property=\"og:url\" content=\"https:\/\/nutribalance.cat\/ca\/mapa-del-sitio\/\" \/>\n<meta property=\"og:site_name\" content=\"Nutri Balance | Transforma tu agua para un hogar m\u00e1s saludable\" \/>\n<meta property=\"article:modified_time\" content=\"2023-09-24T17:10:51+00:00\" \/>\n<meta name=\"twitter:card\" content=\"summary_large_image\" \/>\n<script type=\"application\/ld+json\" class=\"yoast-schema-graph\">{\"@context\":\"https:\/\/schema.org\",\"@graph\":[{\"@type\":\"WebPage\",\"@id\":\"https:\/\/nutribalance.cat\/mapa-del-sitio\/\",\"url\":\"https:\/\/nutribalance.cat\/mapa-del-sitio\/\",\"name\":\"Mapa del sitio - Nutri Balance | Transforma tu agua para un hogar m\u00e1s saludable\",\"isPartOf\":{\"@id\":\"https:\/\/nutribalance.cat\/#website\"},\"datePublished\":\"2023-09-24T17:10:21+00:00\",\"dateModified\":\"2023-09-24T17:10:51+00:00\",\"breadcrumb\":{\"@id\":\"https:\/\/nutribalance.cat\/mapa-del-sitio\/#breadcrumb\"},\"inLanguage\":\"ca\",\"potentialAction\":[{\"@type\":\"ReadAction\",\"target\":[\"https:\/\/nutribalance.cat\/mapa-del-sitio\/\"]}]},{\"@type\":\"BreadcrumbList\",\"@id\":\"https:\/\/nutribalance.cat\/mapa-del-sitio\/#breadcrumb\",\"itemListElement\":[{\"@type\":\"ListItem\",\"position\":1,\"name\":\"Portada\",\"item\":\"https:\/\/nutribalance.cat\/\"},{\"@type\":\"ListItem\",\"position\":2,\"name\":\"Mapa del sitio\"}]},{\"@type\":\"WebSite\",\"@id\":\"https:\/\/nutribalance.cat\/#website\",\"url\":\"https:\/\/nutribalance.cat\/\",\"name\":\"Nutri Balance | Transforma tu agua para un hogar m\u00e1s saludable\",\"description\":\"Conf\u00eda en Nutri Balance para la b\u00fasqueda de agua m\u00e1s limpia y saludable para tu hogar. En un mundo donde el acceso a agua de calidad es esencial, estamos aqu\u00ed para brindarte soluciones de vanguardia en m\u00e1quinas de tratamiento de agua dise\u00f1adas espec\u00edficamente para uso dom\u00e9stico.\",\"potentialAction\":[{\"@type\":\"SearchAction\",\"target\":{\"@type\":\"EntryPoint\",\"urlTemplate\":\"https:\/\/nutribalance.cat\/?s={search_term_string}\"},\"query-input\":{\"@type\":\"PropertyValueSpecification\",\"valueRequired\":true,\"valueName\":\"search_term_string\"}}],\"inLanguage\":\"ca\"}]}<\/script>\n<!-- \/ Yoast SEO plugin. -->","yoast_head_json":{"title":"Mapa del sitio - Nutri Balance | Transforma tu agua para un hogar m\u00e1s saludable","robots":{"index":"index","follow":"follow","max-snippet":"max-snippet:-1","max-image-preview":"max-image-preview:large","max-video-preview":"max-video-preview:-1"},"canonical":"https:\/\/nutribalance.cat\/ca\/mapa-del-sitio\/","og_locale":"ca_ES","og_type":"article","og_title":"Mapa del sitio - Nutri Balance | Transforma tu agua para un hogar m\u00e1s saludable","og_description":"Home","og_url":"https:\/\/nutribalance.cat\/ca\/mapa-del-sitio\/","og_site_name":"Nutri Balance | Transforma tu agua para un hogar m\u00e1s saludable","article_modified_time":"2023-09-24T17:10:51+00:00","twitter_card":"summary_large_image","schema":{"@context":"https:\/\/schema.org","@graph":[{"@type":"WebPage","@id":"https:\/\/nutribalance.cat\/mapa-del-sitio\/","url":"https:\/\/nutribalance.cat\/mapa-del-sitio\/","name":"Mapa del sitio - Nutri Balance | Transforma tu agua para un hogar m\u00e1s saludable","isPartOf":{"@id":"https:\/\/nutribalance.cat\/#website"},"datePublished":"2023-09-24T17:10:21+00:00","dateModified":"2023-09-24T17:10:51+00:00","breadcrumb":{"@id":"https:\/\/nutribalance.cat\/mapa-del-sitio\/#breadcrumb"},"inLanguage":"ca","potentialAction":[{"@type":"ReadAction","target":["https:\/\/nutribalance.cat\/mapa-del-sitio\/"]}]},{"@type":"BreadcrumbList","@id":"https:\/\/nutribalance.cat\/mapa-del-sitio\/#breadcrumb","itemListElement":[{"@type":"ListItem","position":1,"name":"Portada","item":"https:\/\/nutribalance.cat\/"},{"@type":"ListItem","position":2,"name":"Mapa del sitio"}]},{"@type":"WebSite","@id":"https:\/\/nutribalance.cat\/#website","url":"https:\/\/nutribalance.cat\/","name":"Nutri Equilibri | es Transforma l&#039;aigua per a una alimentaci\u00f3 m\u00e9s saludable a casa","description":"Conf\u00eda en Nutri Balance para la b\u00fasqueda de agua m\u00e1s limpia y saludable para tu hogar. En un mundo donde el acceso a agua de calidad es esencial, estamos aqu\u00ed para brindarte soluciones de vanguardia en m\u00e1quinas de tratamiento de agua dise\u00f1adas espec\u00edficamente para uso dom\u00e9stico.","potentialAction":[{"@type":"SearchAction","target":{"@type":"EntryPoint","urlTemplate":"https:\/\/nutribalance.cat\/?s={search_term_string}"},"query-input":{"@type":"PropertyValueSpecification","valueRequired":true,"valueName":"search_term_string"}}],"inLanguage":"ca"}]}},"_links":{"self":[{"href":"https:\/\/nutribalance.cat\/ca\/wp-json\/wp\/v2\/pages\/476","targetHints":{"allow":["GET"]}}],"collection":[{"href":"https:\/\/nutribalance.cat\/ca\/wp-json\/wp\/v2\/pages"}],"about":[{"href":"https:\/\/nutribalance.cat\/ca\/wp-json\/wp\/v2\/types\/page"}],"author":[{"embeddable":true,"href":"https:\/\/nutribalance.cat\/ca\/wp-json\/wp\/v2\/users\/1"}],"replies":[{"embeddable":true,"href":"https:\/\/nutribalance.cat\/ca\/wp-json\/wp\/v2\/comments?post=476"}],"version-history":[{"count":4,"href":"https:\/\/nutribalance.cat\/ca\/wp-json\/wp\/v2\/pages\/476\/revisions"}],"predecessor-version":[{"id":480,"href":"https:\/\/nutribalance.cat\/ca\/wp-json\/wp\/v2\/pages\/476\/revisions\/480"}],"wp:attachment":[{"href":"https:\/\/nutribalance.cat\/ca\/wp-json\/wp\/v2\/media?parent=476"}],"curies":[{"name":"wp","href":"https:\/\/api.w.org\/{rel}","templated":true}]}}