{"id":471,"date":"2023-09-24T19:08:58","date_gmt":"2023-09-24T17:08:58","guid":{"rendered":"http:\/\/nutribalance.cat\/?page_id=471"},"modified":"2023-09-24T19:09:59","modified_gmt":"2023-09-24T17:09:59","slug":"declaracion-de-accesibilidad","status":"publish","type":"page","link":"https:\/\/nutribalance.cat\/ca\/declaracion-de-accesibilidad\/","title":{"rendered":"Declaraci\u00f3 d&#039;accessibilitat"},"content":{"rendered":"<style>.elementor-471 .elementor-element.elementor-element-3a517abd:not(.elementor-motion-effects-element-type-background), .elementor-471 .elementor-element.elementor-element-3a517abd > .elementor-motion-effects-container > .elementor-motion-effects-layer{background-image:url(\"https:\/\/nutribalance.cat\/wp-content\/uploads\/2023\/09\/12.jpg\");background-position:center center;background-repeat:no-repeat;background-size:cover;}.elementor-471 .elementor-element.elementor-element-3a517abd > .elementor-background-overlay{background-color:transparent;background-image:linear-gradient(180deg, var( --e-global-color-044b931 ) 0%, var( --e-global-color-bb890b8 ) 100%);opacity:0.6;transition:background 0.3s, border-radius 0.3s, opacity 0.3s;}.elementor-471 .elementor-element.elementor-element-3a517abd{transition:background 0.3s, border 0.3s, border-radius 0.3s, box-shadow 0.3s;padding:14em 0em 7em 0em;}.elementor-bc-flex-widget .elementor-471 .elementor-element.elementor-element-700faa66.elementor-column .elementor-widget-wrap{align-items:center;}.elementor-471 .elementor-element.elementor-element-700faa66.elementor-column.elementor-element[data-element_type=\"column\"] > .elementor-widget-wrap.elementor-element-populated{align-content:center;align-items:center;}.elementor-471 .elementor-element.elementor-element-700faa66.elementor-column > .elementor-widget-wrap{justify-content:center;}.elementor-471 .elementor-element.elementor-element-35d2a11a{text-align:center;z-index:1;}.elementor-471 .elementor-element.elementor-element-35d2a11a .elementor-heading-title{font-family:\"Manrope\", Sans-serif;font-size:172px;font-weight:700;text-transform:capitalize;line-height:1em;letter-spacing:-2px;color:var( --e-global-color-accent );}.elementor-471 .elementor-element.elementor-element-a61f7e5 > .elementor-container{max-width:720px;}.elementor-471 .elementor-element.elementor-element-a61f7e5{z-index:2;}.elementor-471 .elementor-element.elementor-element-14ecbb08 > .elementor-element-populated{padding:2em 2em 2em 2em;}.elementor-471 .elementor-element.elementor-element-5d65a9dd .elementor-icon-list-items:not(.elementor-inline-items) .elementor-icon-list-item:not(:last-child){padding-block-end:calc(14px\/2);}.elementor-471 .elementor-element.elementor-element-5d65a9dd .elementor-icon-list-items:not(.elementor-inline-items) .elementor-icon-list-item:not(:first-child){margin-block-start:calc(14px\/2);}.elementor-471 .elementor-element.elementor-element-5d65a9dd .elementor-icon-list-items.elementor-inline-items .elementor-icon-list-item{margin-inline:calc(14px\/2);}.elementor-471 .elementor-element.elementor-element-5d65a9dd .elementor-icon-list-items.elementor-inline-items{margin-inline:calc(-14px\/2);}.elementor-471 .elementor-element.elementor-element-5d65a9dd .elementor-icon-list-items.elementor-inline-items .elementor-icon-list-item:after{inset-inline-end:calc(-14px\/2);}.elementor-471 .elementor-element.elementor-element-5d65a9dd .elementor-icon-list-icon i{color:var( --e-global-color-bb890b8 );transition:color 0.3s;}.elementor-471 .elementor-element.elementor-element-5d65a9dd .elementor-icon-list-icon svg{fill:var( --e-global-color-bb890b8 );transition:fill 0.3s;}.elementor-471 .elementor-element.elementor-element-5d65a9dd{--e-icon-list-icon-size:14px;--icon-vertical-offset:0px;}.elementor-471 .elementor-element.elementor-element-5d65a9dd .elementor-icon-list-icon{padding-inline-end:14px;}.elementor-471 .elementor-element.elementor-element-5d65a9dd .elementor-icon-list-item > .elementor-icon-list-text, .elementor-471 .elementor-element.elementor-element-5d65a9dd .elementor-icon-list-item > a{font-family:var( --e-global-typography-7044a64-font-family ), Sans-serif;font-size:var( --e-global-typography-7044a64-font-size );font-weight:var( --e-global-typography-7044a64-font-weight );line-height:var( --e-global-typography-7044a64-line-height );letter-spacing:var( --e-global-typography-7044a64-letter-spacing );word-spacing:var( --e-global-typography-7044a64-word-spacing );}.elementor-471 .elementor-element.elementor-element-5d65a9dd .elementor-icon-list-text{color:var( --e-global-color-text );transition:color 0.3s;}.elementor-471 .elementor-element.elementor-element-77e81336{text-align:center;}.elementor-471 .elementor-element.elementor-element-77e81336 .elementor-heading-title{color:var( --e-global-color-text );}.elementor-471 .elementor-element.elementor-element-cf21c10{--display:flex;--flex-direction:column;--container-widget-width:100%;--container-widget-height:initial;--container-widget-flex-grow:0;--container-widget-align-self:initial;--flex-wrap-mobile:wrap;--padding-top:4em;--padding-bottom:4em;--padding-left:0em;--padding-right:0em;}@media(min-width:1025px){.elementor-471 .elementor-element.elementor-element-3a517abd:not(.elementor-motion-effects-element-type-background), .elementor-471 .elementor-element.elementor-element-3a517abd > .elementor-motion-effects-container > .elementor-motion-effects-layer{background-attachment:fixed;}}@media(max-width:1024px){.elementor-471 .elementor-element.elementor-element-3a517abd{padding:10em 0em 5em 0em;}.elementor-471 .elementor-element.elementor-element-35d2a11a .elementor-heading-title{font-size:99px;}.elementor-471 .elementor-element.elementor-element-5d65a9dd .elementor-icon-list-item > .elementor-icon-list-text, .elementor-471 .elementor-element.elementor-element-5d65a9dd .elementor-icon-list-item > a{font-size:var( --e-global-typography-7044a64-font-size );line-height:var( --e-global-typography-7044a64-line-height );letter-spacing:var( --e-global-typography-7044a64-letter-spacing );word-spacing:var( --e-global-typography-7044a64-word-spacing );}}@media(max-width:767px){.elementor-471 .elementor-element.elementor-element-3a517abd{padding:9em 0em 3em 0em;}.elementor-471 .elementor-element.elementor-element-35d2a11a .elementor-heading-title{font-size:52px;}.elementor-471 .elementor-element.elementor-element-5d65a9dd .elementor-icon-list-item > .elementor-icon-list-text, .elementor-471 .elementor-element.elementor-element-5d65a9dd .elementor-icon-list-item > a{font-size:var( --e-global-typography-7044a64-font-size );line-height:var( --e-global-typography-7044a64-line-height );letter-spacing:var( --e-global-typography-7044a64-letter-spacing );word-spacing:var( --e-global-typography-7044a64-word-spacing );}}<\/style>\t\t<div data-elementor-type=\"wp-page\" data-elementor-id=\"471\" class=\"elementor elementor-471\" data-elementor-post-type=\"page\">\n\t\t\t\t\t\t<section class=\"elementor-section elementor-top-section elementor-element elementor-element-3a517abd elementor-section-boxed elementor-section-height-default elementor-section-height-default\" data-id=\"3a517abd\" data-element_type=\"section\" data-e-type=\"section\" data-settings=\"{&quot;background_background&quot;:&quot;classic&quot;}\">\n\t\t\t\t\t\t\t<div class=\"elementor-background-overlay\"><\/div>\n\t\t\t\t\t\t\t<div class=\"elementor-container elementor-column-gap-default\">\n\t\t\t\t\t<div class=\"elementor-column elementor-col-100 elementor-top-column elementor-element elementor-element-700faa66\" data-id=\"700faa66\" data-element_type=\"column\" data-e-type=\"column\">\n\t\t\t<div class=\"elementor-widget-wrap elementor-element-populated\">\n\t\t\t\t\t\t<div class=\"elementor-element elementor-element-35d2a11a elementor-absolute elementor-invisible elementor-widget elementor-widget-heading\" data-id=\"35d2a11a\" data-element_type=\"widget\" data-e-type=\"widget\" data-settings=\"{&quot;_position&quot;:&quot;absolute&quot;,&quot;_animation&quot;:&quot;zoomIn&quot;}\" data-widget_type=\"heading.default\">\n\t\t\t\t<div class=\"elementor-widget-container\">\n\t\t\t\t\t<div class=\"elementor-heading-title elementor-size-default\">Declaraci\u00f3n de accesibilidad<\/div>\t\t\t\t<\/div>\n\t\t\t\t<\/div>\n\t\t\t\t<section class=\"elementor-section elementor-inner-section elementor-element elementor-element-a61f7e5 elementor-section-boxed elementor-section-height-default elementor-section-height-default\" data-id=\"a61f7e5\" data-element_type=\"section\" data-e-type=\"section\">\n\t\t\t\t\t\t<div class=\"elementor-container elementor-column-gap-default\">\n\t\t\t\t\t<div class=\"elementor-column elementor-col-100 elementor-inner-column elementor-element elementor-element-14ecbb08\" data-id=\"14ecbb08\" data-element_type=\"column\" data-e-type=\"column\">\n\t\t\t<div class=\"elementor-widget-wrap elementor-element-populated\">\n\t\t\t\t\t\t<div class=\"elementor-element elementor-element-5d65a9dd elementor-icon-list--layout-inline elementor-align-center elementor-list-item-link-full_width elementor-widget elementor-widget-icon-list\" data-id=\"5d65a9dd\" data-element_type=\"widget\" data-e-type=\"widget\" data-widget_type=\"icon-list.default\">\n\t\t\t\t<div class=\"elementor-widget-container\">\n\t\t\t\t\t\t\t<ul class=\"elementor-icon-list-items elementor-inline-items\">\n\t\t\t\t\t\t\t<li class=\"elementor-icon-list-item elementor-inline-item\">\n\t\t\t\t\t\t\t\t\t\t<span class=\"elementor-icon-list-text\">Home<\/span>\n\t\t\t\t\t\t\t\t\t<\/li>\n\t\t\t\t\t\t\t\t<li class=\"elementor-icon-list-item elementor-inline-item\">\n\t\t\t\t\t\t\t\t\t\t\t<span class=\"elementor-icon-list-icon\">\n\t\t\t\t\t\t\t<i aria-hidden=\"true\" class=\"fas fa-chevron-circle-right\"><\/i>\t\t\t\t\t\t<\/span>\n\t\t\t\t\t\t\t\t\t\t<span class=\"elementor-icon-list-text\">Declaraci\u00f3n de accesibilidad<\/span>\n\t\t\t\t\t\t\t\t\t<\/li>\n\t\t\t\t\t\t<\/ul>\n\t\t\t\t\t\t<\/div>\n\t\t\t\t<\/div>\n\t\t\t\t<div class=\"elementor-element elementor-element-77e81336 elementor-invisible elementor-widget elementor-widget-heading\" data-id=\"77e81336\" data-element_type=\"widget\" data-e-type=\"widget\" data-settings=\"{&quot;_animation&quot;:&quot;fadeInUp&quot;}\" data-widget_type=\"heading.default\">\n\t\t\t\t<div class=\"elementor-widget-container\">\n\t\t\t\t\t<h1 class=\"elementor-heading-title elementor-size-default\">Declaraci\u00f3n de accesibilidad<\/h1>\t\t\t\t<\/div>\n\t\t\t\t<\/div>\n\t\t\t\t\t<\/div>\n\t\t<\/div>\n\t\t\t\t\t<\/div>\n\t\t<\/section>\n\t\t\t\t\t<\/div>\n\t\t<\/div>\n\t\t\t\t\t<\/div>\n\t\t<\/section>\n\t\t<div class=\"elementor-element elementor-element-cf21c10 e-flex e-con-boxed e-con e-parent\" data-id=\"cf21c10\" data-element_type=\"container\" data-e-type=\"container\">\n\t\t\t\t\t<div class=\"e-con-inner\">\n\t\t\t\t<div class=\"elementor-element elementor-element-7f7990f elementor-widget elementor-widget-text-editor\" data-id=\"7f7990f\" data-element_type=\"widget\" data-e-type=\"widget\" data-widget_type=\"text-editor.default\">\n\t\t\t\t<div class=\"elementor-widget-container\">\n\t\t\t\t\t\t\t\t\t<p>NUTRI WATER SL<br \/>. se ha comprometido a hacer accesible su sitio web, de conformidad con el Real Decreto 1112\/2018, de 7 de septiembre, sobre accesibilidad de los sitios web y aplicaciones para dispositivos m\u00f3viles del sector p\u00fablico. https:\/\/nutriwater.com<\/p><p>La presente declaraci\u00f3n de accesibilidad se aplica al sitio web\u00a0<\/p><p><strong>Situaci\u00f3n de cumplimiento<\/strong><\/p><p>Este sitio web se encuentra desarrollado conforme con el\u00a0RD 1112\/2018<\/p><p><strong>Preparaci\u00f3n para la siguiente declaraci\u00f3n de accesibilidad<\/strong><\/p><p>La presente declaraci\u00f3n fue preparada el 2 de enero de 2023.<\/p><p>El m\u00e9todo empleado para preparar la declaraci\u00f3n ha sido una autoevaluaci\u00f3n.<\/p><p><strong>Observaciones y datos de contacto<\/strong><\/p><p>Puede realizar comunicaciones sobre requisitos de accesibilidad (art\u00edculo 10.2.a del RD 1112\/2018) como, por ejemplo:<\/p><ul><li>Informar sobre cualquier posible incumplimiento por parte de este sitio web<\/li><li>Transmitir otras dificultades de acceso al contenido<\/li><li>Formular cualquier otra consulta o sugerencia de mejora relativa a la accesibilidad del sitio web<\/li><\/ul><p>a trav\u00e9s del\u00a0<a href=\"https:\/\/www.giroverd.com\/contacto\/\">formulario de contacto<\/a>\u00a0de este sitio web o a trav\u00e9s del n\u00famero de tel\u00e9fono (+34)\u00a0<a href=\"tel:641 58 30 61\">641 58 30 61<\/a>.<\/p><p>Puede presentar:<\/p><ul><li>Queja relativa al cumplimiento de los requisitos del RD 1112\/2018 o<\/li><li>Solicitud de Informaci\u00f3n accesible relativa a:<ul><li>Contenidos que est\u00e1n excluidos del \u00e1mbito de aplicaci\u00f3n del RD 1112\/2018 seg\u00fan lo establecido por el art\u00edculo 3, apartado 4<\/li><li>Contenidos que est\u00e1n exentos del cumplimiento de los requisitos de accesibilidad por imponer una carga desproporcionada<\/li><\/ul><\/li><\/ul><p>En la Solicitud de informaci\u00f3n accesible, se debe concretar, con toda claridad, los hechos, razones y petici\u00f3n que permitan constatar que se trata de una solicitud razonable y leg\u00edtima.<\/p><p>Las quejas y reclamaciones sobre informaci\u00f3n accesible se realizar\u00e1n a trav\u00e9s de la sede electr\u00f3nica (<a href=\"https:\/\/sede.red.gob.es\/procedimientos\/quejas-y-sugerencias\">https:\/\/sede.red.gob.es\/procedimientos\/quejas-y-sugerencias)<\/a>, y ser\u00e1n recibidas y tratadas por el \u00e1rea de Sistemas de la Informaci\u00f3n de Red.es.<\/p><p><strong>Contenido opcional<\/strong><\/p><p>Si desea cambiar el tama\u00f1o de letra del texto en los principales navegadores gr\u00e1ficos utilice los siguientes men\u00fas:<\/p><ul><li>Internet Explorer, Mozilla y Firefox: Ver &gt; Tama\u00f1o del texto<\/li><li>Opera: Ver &gt; Zoom<\/li><li>Safari: Ver &gt; Hacer el texto m\u00e1s grande<\/li><li>Chrome: Controla la p\u00e1gina actual &gt; Tama\u00f1o del texto<\/li><li>Para modificar el tama\u00f1o de todo en la p\u00e1gina:<ul><li>Ctrl + + para aumentarlo<\/li><li>Ctrl + \u2013 para disminuirlo<\/li><li>Ctrl + 0 restaura el tama\u00f1o original del texto<\/li><li>Si lo que quiere es anular la hoja de estilos o modificar el color del texto, puede consultar la p\u00e1gina\u00a0How to Change Text Size or Colors de la WAI, que se puede leer traducida al espa\u00f1ol en \u00bfC\u00f3mo cambiar el tama\u00f1o del texto o colores?<\/li><\/ul><\/li><\/ul>\t\t\t\t\t\t\t\t<\/div>\n\t\t\t\t<\/div>\n\t\t\t\t\t<\/div>\n\t\t\t\t<\/div>\n\t\t\t\t<\/div>\n\t\t","protected":false},"excerpt":{"rendered":"<p>Home NUTRI WATER SL. se ha comprometido a hacer accesible su sitio web, de conformidad con el Real Decreto 1112\/2018, de 7 de septiembre, sobre accesibilidad de los sitios web y aplicaciones para dispositivos m\u00f3viles del sector p\u00fablico. https:\/\/nutriwater.com La presente declaraci\u00f3n de accesibilidad se aplica al sitio web\u00a0 Situaci\u00f3n de cumplimiento Este sitio web&hellip;&nbsp;<a href=\"https:\/\/nutribalance.cat\/ca\/declaracion-de-accesibilidad\/\" rel=\"bookmark\"><span class=\"screen-reader-text\">Declaraci\u00f3 d&#039;accessibilitat<\/span><\/a><\/p>","protected":false},"author":1,"featured_media":0,"parent":0,"menu_order":0,"comment_status":"closed","ping_status":"closed","template":"page-templates\/template-pagebuilder-full-width.php","meta":{"neve_meta_sidebar":"","neve_meta_container":"","neve_meta_enable_content_width":"off","neve_meta_content_width":100,"neve_meta_title_alignment":"","neve_meta_author_avatar":"","neve_post_elements_order":"","neve_meta_disable_header":"","neve_meta_disable_footer":"","neve_meta_disable_title":"","footnotes":""},"class_list":["post-471","page","type-page","status-publish","hentry"],"yoast_head":"<!-- This site is optimized with the Yoast SEO plugin v27.0 - https:\/\/yoast.com\/product\/yoast-seo-wordpress\/ -->\n<title>Declaraci\u00f3n de accesibilidad - Nutri Balance | Transforma tu agua para un hogar m\u00e1s saludable<\/title>\n<meta name=\"robots\" content=\"index, follow, max-snippet:-1, max-image-preview:large, max-video-preview:-1\" \/>\n<link rel=\"canonical\" href=\"https:\/\/nutribalance.cat\/ca\/declaracion-de-accesibilidad\/\" \/>\n<meta property=\"og:locale\" content=\"ca_ES\" \/>\n<meta property=\"og:type\" content=\"article\" \/>\n<meta property=\"og:title\" content=\"Declaraci\u00f3n de accesibilidad - Nutri Balance | Transforma tu agua para un hogar m\u00e1s saludable\" \/>\n<meta property=\"og:description\" content=\"Home NUTRI WATER SL. se ha comprometido a hacer accesible su sitio web, de conformidad con el Real Decreto 1112\/2018, de 7 de septiembre, sobre accesibilidad de los sitios web y aplicaciones para dispositivos m\u00f3viles del sector p\u00fablico. https:\/\/nutriwater.com La presente declaraci\u00f3n de accesibilidad se aplica al sitio web\u00a0 Situaci\u00f3n de cumplimiento Este sitio web&hellip;&nbsp;Declaraci\u00f3n de accesibilidad\" \/>\n<meta property=\"og:url\" content=\"https:\/\/nutribalance.cat\/ca\/declaracion-de-accesibilidad\/\" \/>\n<meta property=\"og:site_name\" content=\"Nutri Balance | Transforma tu agua para un hogar m\u00e1s saludable\" \/>\n<meta property=\"article:modified_time\" content=\"2023-09-24T17:09:59+00:00\" \/>\n<meta name=\"twitter:card\" content=\"summary_large_image\" \/>\n<meta name=\"twitter:label1\" content=\"Temps estimat de lectura\" \/>\n\t<meta name=\"twitter:data1\" content=\"2 minuts\" \/>\n<script type=\"application\/ld+json\" class=\"yoast-schema-graph\">{\"@context\":\"https:\/\/schema.org\",\"@graph\":[{\"@type\":\"WebPage\",\"@id\":\"https:\/\/nutribalance.cat\/declaracion-de-accesibilidad\/\",\"url\":\"https:\/\/nutribalance.cat\/declaracion-de-accesibilidad\/\",\"name\":\"Declaraci\u00f3n de accesibilidad - Nutri Balance | Transforma tu agua para un hogar m\u00e1s saludable\",\"isPartOf\":{\"@id\":\"https:\/\/nutribalance.cat\/#website\"},\"datePublished\":\"2023-09-24T17:08:58+00:00\",\"dateModified\":\"2023-09-24T17:09:59+00:00\",\"breadcrumb\":{\"@id\":\"https:\/\/nutribalance.cat\/declaracion-de-accesibilidad\/#breadcrumb\"},\"inLanguage\":\"ca\",\"potentialAction\":[{\"@type\":\"ReadAction\",\"target\":[\"https:\/\/nutribalance.cat\/declaracion-de-accesibilidad\/\"]}]},{\"@type\":\"BreadcrumbList\",\"@id\":\"https:\/\/nutribalance.cat\/declaracion-de-accesibilidad\/#breadcrumb\",\"itemListElement\":[{\"@type\":\"ListItem\",\"position\":1,\"name\":\"Portada\",\"item\":\"https:\/\/nutribalance.cat\/\"},{\"@type\":\"ListItem\",\"position\":2,\"name\":\"Declaraci\u00f3n de accesibilidad\"}]},{\"@type\":\"WebSite\",\"@id\":\"https:\/\/nutribalance.cat\/#website\",\"url\":\"https:\/\/nutribalance.cat\/\",\"name\":\"Nutri Balance | Transforma tu agua para un hogar m\u00e1s saludable\",\"description\":\"Conf\u00eda en Nutri Balance para la b\u00fasqueda de agua m\u00e1s limpia y saludable para tu hogar. En un mundo donde el acceso a agua de calidad es esencial, estamos aqu\u00ed para brindarte soluciones de vanguardia en m\u00e1quinas de tratamiento de agua dise\u00f1adas espec\u00edficamente para uso dom\u00e9stico.\",\"potentialAction\":[{\"@type\":\"SearchAction\",\"target\":{\"@type\":\"EntryPoint\",\"urlTemplate\":\"https:\/\/nutribalance.cat\/?s={search_term_string}\"},\"query-input\":{\"@type\":\"PropertyValueSpecification\",\"valueRequired\":true,\"valueName\":\"search_term_string\"}}],\"inLanguage\":\"ca\"}]}<\/script>\n<!-- \/ Yoast SEO plugin. -->","yoast_head_json":{"title":"Declaraci\u00f3n de accesibilidad - Nutri Balance | Transforma tu agua para un hogar m\u00e1s saludable","robots":{"index":"index","follow":"follow","max-snippet":"max-snippet:-1","max-image-preview":"max-image-preview:large","max-video-preview":"max-video-preview:-1"},"canonical":"https:\/\/nutribalance.cat\/ca\/declaracion-de-accesibilidad\/","og_locale":"ca_ES","og_type":"article","og_title":"Declaraci\u00f3n de accesibilidad - Nutri Balance | Transforma tu agua para un hogar m\u00e1s saludable","og_description":"Home NUTRI WATER SL. se ha comprometido a hacer accesible su sitio web, de conformidad con el Real Decreto 1112\/2018, de 7 de septiembre, sobre accesibilidad de los sitios web y aplicaciones para dispositivos m\u00f3viles del sector p\u00fablico. https:\/\/nutriwater.com La presente declaraci\u00f3n de accesibilidad se aplica al sitio web\u00a0 Situaci\u00f3n de cumplimiento Este sitio web&hellip;&nbsp;Declaraci\u00f3n de accesibilidad","og_url":"https:\/\/nutribalance.cat\/ca\/declaracion-de-accesibilidad\/","og_site_name":"Nutri Balance | Transforma tu agua para un hogar m\u00e1s saludable","article_modified_time":"2023-09-24T17:09:59+00:00","twitter_card":"summary_large_image","twitter_misc":{"Temps estimat de lectura":"2 minuts"},"schema":{"@context":"https:\/\/schema.org","@graph":[{"@type":"WebPage","@id":"https:\/\/nutribalance.cat\/declaracion-de-accesibilidad\/","url":"https:\/\/nutribalance.cat\/declaracion-de-accesibilidad\/","name":"Declaraci\u00f3n de accesibilidad - Nutri Balance | Transforma tu agua para un hogar m\u00e1s saludable","isPartOf":{"@id":"https:\/\/nutribalance.cat\/#website"},"datePublished":"2023-09-24T17:08:58+00:00","dateModified":"2023-09-24T17:09:59+00:00","breadcrumb":{"@id":"https:\/\/nutribalance.cat\/declaracion-de-accesibilidad\/#breadcrumb"},"inLanguage":"ca","potentialAction":[{"@type":"ReadAction","target":["https:\/\/nutribalance.cat\/declaracion-de-accesibilidad\/"]}]},{"@type":"BreadcrumbList","@id":"https:\/\/nutribalance.cat\/declaracion-de-accesibilidad\/#breadcrumb","itemListElement":[{"@type":"ListItem","position":1,"name":"Portada","item":"https:\/\/nutribalance.cat\/"},{"@type":"ListItem","position":2,"name":"Declaraci\u00f3n de accesibilidad"}]},{"@type":"WebSite","@id":"https:\/\/nutribalance.cat\/#website","url":"https:\/\/nutribalance.cat\/","name":"Nutri Equilibri | es Transforma l&#039;aigua per a una alimentaci\u00f3 m\u00e9s saludable a casa","description":"Conf\u00eda en Nutri Balance para la b\u00fasqueda de agua m\u00e1s limpia y saludable para tu hogar. En un mundo donde el acceso a agua de calidad es esencial, estamos aqu\u00ed para brindarte soluciones de vanguardia en m\u00e1quinas de tratamiento de agua dise\u00f1adas espec\u00edficamente para uso dom\u00e9stico.","potentialAction":[{"@type":"SearchAction","target":{"@type":"EntryPoint","urlTemplate":"https:\/\/nutribalance.cat\/?s={search_term_string}"},"query-input":{"@type":"PropertyValueSpecification","valueRequired":true,"valueName":"search_term_string"}}],"inLanguage":"ca"}]}},"_links":{"self":[{"href":"https:\/\/nutribalance.cat\/ca\/wp-json\/wp\/v2\/pages\/471","targetHints":{"allow":["GET"]}}],"collection":[{"href":"https:\/\/nutribalance.cat\/ca\/wp-json\/wp\/v2\/pages"}],"about":[{"href":"https:\/\/nutribalance.cat\/ca\/wp-json\/wp\/v2\/types\/page"}],"author":[{"embeddable":true,"href":"https:\/\/nutribalance.cat\/ca\/wp-json\/wp\/v2\/users\/1"}],"replies":[{"embeddable":true,"href":"https:\/\/nutribalance.cat\/ca\/wp-json\/wp\/v2\/comments?post=471"}],"version-history":[{"count":4,"href":"https:\/\/nutribalance.cat\/ca\/wp-json\/wp\/v2\/pages\/471\/revisions"}],"predecessor-version":[{"id":475,"href":"https:\/\/nutribalance.cat\/ca\/wp-json\/wp\/v2\/pages\/471\/revisions\/475"}],"wp:attachment":[{"href":"https:\/\/nutribalance.cat\/ca\/wp-json\/wp\/v2\/media?parent=471"}],"curies":[{"name":"wp","href":"https:\/\/api.w.org\/{rel}","templated":true}]}}