{"id":450,"date":"2023-09-24T19:02:06","date_gmt":"2023-09-24T17:02:06","guid":{"rendered":"http:\/\/nutribalance.cat\/?page_id=450"},"modified":"2023-09-24T19:04:08","modified_gmt":"2023-09-24T17:04:08","slug":"aviso-legal","status":"publish","type":"page","link":"https:\/\/nutribalance.cat\/ca\/aviso-legal\/","title":{"rendered":"Av\u00eds Legal"},"content":{"rendered":"<style>.elementor-450 .elementor-element.elementor-element-3a517abd:not(.elementor-motion-effects-element-type-background), .elementor-450 .elementor-element.elementor-element-3a517abd > .elementor-motion-effects-container > .elementor-motion-effects-layer{background-image:url(\"https:\/\/nutribalance.cat\/wp-content\/uploads\/2023\/09\/12.jpg\");background-position:center center;background-repeat:no-repeat;background-size:cover;}.elementor-450 .elementor-element.elementor-element-3a517abd > .elementor-background-overlay{background-color:transparent;background-image:linear-gradient(180deg, var( --e-global-color-044b931 ) 0%, var( --e-global-color-bb890b8 ) 100%);opacity:0.6;transition:background 0.3s, border-radius 0.3s, opacity 0.3s;}.elementor-450 .elementor-element.elementor-element-3a517abd{transition:background 0.3s, border 0.3s, border-radius 0.3s, box-shadow 0.3s;padding:14em 0em 7em 0em;}.elementor-bc-flex-widget .elementor-450 .elementor-element.elementor-element-700faa66.elementor-column .elementor-widget-wrap{align-items:center;}.elementor-450 .elementor-element.elementor-element-700faa66.elementor-column.elementor-element[data-element_type=\"column\"] > .elementor-widget-wrap.elementor-element-populated{align-content:center;align-items:center;}.elementor-450 .elementor-element.elementor-element-700faa66.elementor-column > .elementor-widget-wrap{justify-content:center;}.elementor-450 .elementor-element.elementor-element-35d2a11a{text-align:center;z-index:1;}.elementor-450 .elementor-element.elementor-element-35d2a11a .elementor-heading-title{font-family:\"Manrope\", Sans-serif;font-size:172px;font-weight:700;text-transform:capitalize;line-height:1em;letter-spacing:-2px;color:var( --e-global-color-accent );}.elementor-450 .elementor-element.elementor-element-a61f7e5 > .elementor-container{max-width:720px;}.elementor-450 .elementor-element.elementor-element-a61f7e5{z-index:2;}.elementor-450 .elementor-element.elementor-element-14ecbb08 > .elementor-element-populated{padding:2em 2em 2em 2em;}.elementor-450 .elementor-element.elementor-element-5d65a9dd .elementor-icon-list-items:not(.elementor-inline-items) .elementor-icon-list-item:not(:last-child){padding-block-end:calc(14px\/2);}.elementor-450 .elementor-element.elementor-element-5d65a9dd .elementor-icon-list-items:not(.elementor-inline-items) .elementor-icon-list-item:not(:first-child){margin-block-start:calc(14px\/2);}.elementor-450 .elementor-element.elementor-element-5d65a9dd .elementor-icon-list-items.elementor-inline-items .elementor-icon-list-item{margin-inline:calc(14px\/2);}.elementor-450 .elementor-element.elementor-element-5d65a9dd .elementor-icon-list-items.elementor-inline-items{margin-inline:calc(-14px\/2);}.elementor-450 .elementor-element.elementor-element-5d65a9dd .elementor-icon-list-items.elementor-inline-items .elementor-icon-list-item:after{inset-inline-end:calc(-14px\/2);}.elementor-450 .elementor-element.elementor-element-5d65a9dd .elementor-icon-list-icon i{color:var( --e-global-color-bb890b8 );transition:color 0.3s;}.elementor-450 .elementor-element.elementor-element-5d65a9dd .elementor-icon-list-icon svg{fill:var( --e-global-color-bb890b8 );transition:fill 0.3s;}.elementor-450 .elementor-element.elementor-element-5d65a9dd{--e-icon-list-icon-size:14px;--icon-vertical-offset:0px;}.elementor-450 .elementor-element.elementor-element-5d65a9dd .elementor-icon-list-icon{padding-inline-end:14px;}.elementor-450 .elementor-element.elementor-element-5d65a9dd .elementor-icon-list-item > .elementor-icon-list-text, .elementor-450 .elementor-element.elementor-element-5d65a9dd .elementor-icon-list-item > a{font-family:var( --e-global-typography-7044a64-font-family ), Sans-serif;font-size:var( --e-global-typography-7044a64-font-size );font-weight:var( --e-global-typography-7044a64-font-weight );line-height:var( --e-global-typography-7044a64-line-height );letter-spacing:var( --e-global-typography-7044a64-letter-spacing );word-spacing:var( --e-global-typography-7044a64-word-spacing );}.elementor-450 .elementor-element.elementor-element-5d65a9dd .elementor-icon-list-text{color:var( --e-global-color-text );transition:color 0.3s;}.elementor-450 .elementor-element.elementor-element-77e81336{text-align:center;}.elementor-450 .elementor-element.elementor-element-77e81336 .elementor-heading-title{color:var( --e-global-color-text );}.elementor-450 .elementor-element.elementor-element-cf21c10{--display:flex;--flex-direction:column;--container-widget-width:100%;--container-widget-height:initial;--container-widget-flex-grow:0;--container-widget-align-self:initial;--flex-wrap-mobile:wrap;--padding-top:4em;--padding-bottom:4em;--padding-left:0em;--padding-right:0em;}@media(min-width:1025px){.elementor-450 .elementor-element.elementor-element-3a517abd:not(.elementor-motion-effects-element-type-background), .elementor-450 .elementor-element.elementor-element-3a517abd > .elementor-motion-effects-container > .elementor-motion-effects-layer{background-attachment:fixed;}}@media(max-width:1024px){.elementor-450 .elementor-element.elementor-element-3a517abd{padding:10em 0em 5em 0em;}.elementor-450 .elementor-element.elementor-element-35d2a11a .elementor-heading-title{font-size:99px;}.elementor-450 .elementor-element.elementor-element-5d65a9dd .elementor-icon-list-item > .elementor-icon-list-text, .elementor-450 .elementor-element.elementor-element-5d65a9dd .elementor-icon-list-item > a{font-size:var( --e-global-typography-7044a64-font-size );line-height:var( --e-global-typography-7044a64-line-height );letter-spacing:var( --e-global-typography-7044a64-letter-spacing );word-spacing:var( --e-global-typography-7044a64-word-spacing );}}@media(max-width:767px){.elementor-450 .elementor-element.elementor-element-3a517abd{padding:9em 0em 3em 0em;}.elementor-450 .elementor-element.elementor-element-35d2a11a .elementor-heading-title{font-size:52px;}.elementor-450 .elementor-element.elementor-element-5d65a9dd .elementor-icon-list-item > .elementor-icon-list-text, .elementor-450 .elementor-element.elementor-element-5d65a9dd .elementor-icon-list-item > a{font-size:var( --e-global-typography-7044a64-font-size );line-height:var( --e-global-typography-7044a64-line-height );letter-spacing:var( --e-global-typography-7044a64-letter-spacing );word-spacing:var( --e-global-typography-7044a64-word-spacing );}}<\/style>\t\t<div data-elementor-type=\"wp-page\" data-elementor-id=\"450\" class=\"elementor elementor-450\" data-elementor-post-type=\"page\">\n\t\t\t\t\t\t<section class=\"elementor-section elementor-top-section elementor-element elementor-element-3a517abd elementor-section-boxed elementor-section-height-default elementor-section-height-default\" data-id=\"3a517abd\" data-element_type=\"section\" data-e-type=\"section\" data-settings=\"{&quot;background_background&quot;:&quot;classic&quot;}\">\n\t\t\t\t\t\t\t<div class=\"elementor-background-overlay\"><\/div>\n\t\t\t\t\t\t\t<div class=\"elementor-container elementor-column-gap-default\">\n\t\t\t\t\t<div class=\"elementor-column elementor-col-100 elementor-top-column elementor-element elementor-element-700faa66\" data-id=\"700faa66\" data-element_type=\"column\" data-e-type=\"column\">\n\t\t\t<div class=\"elementor-widget-wrap elementor-element-populated\">\n\t\t\t\t\t\t<div class=\"elementor-element elementor-element-35d2a11a elementor-absolute elementor-invisible elementor-widget elementor-widget-heading\" data-id=\"35d2a11a\" data-element_type=\"widget\" data-e-type=\"widget\" data-settings=\"{&quot;_position&quot;:&quot;absolute&quot;,&quot;_animation&quot;:&quot;zoomIn&quot;}\" data-widget_type=\"heading.default\">\n\t\t\t\t<div class=\"elementor-widget-container\">\n\t\t\t\t\t<div class=\"elementor-heading-title elementor-size-default\">Aviso legal<\/div>\t\t\t\t<\/div>\n\t\t\t\t<\/div>\n\t\t\t\t<section class=\"elementor-section elementor-inner-section elementor-element elementor-element-a61f7e5 elementor-section-boxed elementor-section-height-default elementor-section-height-default\" data-id=\"a61f7e5\" data-element_type=\"section\" data-e-type=\"section\">\n\t\t\t\t\t\t<div class=\"elementor-container elementor-column-gap-default\">\n\t\t\t\t\t<div class=\"elementor-column elementor-col-100 elementor-inner-column elementor-element elementor-element-14ecbb08\" data-id=\"14ecbb08\" data-element_type=\"column\" data-e-type=\"column\">\n\t\t\t<div class=\"elementor-widget-wrap elementor-element-populated\">\n\t\t\t\t\t\t<div class=\"elementor-element elementor-element-5d65a9dd elementor-icon-list--layout-inline elementor-align-center elementor-list-item-link-full_width elementor-widget elementor-widget-icon-list\" data-id=\"5d65a9dd\" data-element_type=\"widget\" data-e-type=\"widget\" data-widget_type=\"icon-list.default\">\n\t\t\t\t<div class=\"elementor-widget-container\">\n\t\t\t\t\t\t\t<ul class=\"elementor-icon-list-items elementor-inline-items\">\n\t\t\t\t\t\t\t<li class=\"elementor-icon-list-item elementor-inline-item\">\n\t\t\t\t\t\t\t\t\t\t<span class=\"elementor-icon-list-text\">Home<\/span>\n\t\t\t\t\t\t\t\t\t<\/li>\n\t\t\t\t\t\t\t\t<li class=\"elementor-icon-list-item elementor-inline-item\">\n\t\t\t\t\t\t\t\t\t\t\t<span class=\"elementor-icon-list-icon\">\n\t\t\t\t\t\t\t<i aria-hidden=\"true\" class=\"fas fa-chevron-circle-right\"><\/i>\t\t\t\t\t\t<\/span>\n\t\t\t\t\t\t\t\t\t\t<span class=\"elementor-icon-list-text\">Aviso legal<\/span>\n\t\t\t\t\t\t\t\t\t<\/li>\n\t\t\t\t\t\t<\/ul>\n\t\t\t\t\t\t<\/div>\n\t\t\t\t<\/div>\n\t\t\t\t<div class=\"elementor-element elementor-element-77e81336 elementor-invisible elementor-widget elementor-widget-heading\" data-id=\"77e81336\" data-element_type=\"widget\" data-e-type=\"widget\" data-settings=\"{&quot;_animation&quot;:&quot;fadeInUp&quot;}\" data-widget_type=\"heading.default\">\n\t\t\t\t<div class=\"elementor-widget-container\">\n\t\t\t\t\t<h1 class=\"elementor-heading-title elementor-size-default\">Aviso legal<\/h1>\t\t\t\t<\/div>\n\t\t\t\t<\/div>\n\t\t\t\t\t<\/div>\n\t\t<\/div>\n\t\t\t\t\t<\/div>\n\t\t<\/section>\n\t\t\t\t\t<\/div>\n\t\t<\/div>\n\t\t\t\t\t<\/div>\n\t\t<\/section>\n\t\t<div class=\"elementor-element elementor-element-cf21c10 e-flex e-con-boxed e-con e-parent\" data-id=\"cf21c10\" data-element_type=\"container\" data-e-type=\"container\">\n\t\t\t\t\t<div class=\"e-con-inner\">\n\t\t\t\t<div class=\"elementor-element elementor-element-7f7990f elementor-widget elementor-widget-text-editor\" data-id=\"7f7990f\" data-element_type=\"widget\" data-e-type=\"widget\" data-widget_type=\"text-editor.default\">\n\t\t\t\t<div class=\"elementor-widget-container\">\n\t\t\t\t\t\t\t\t\t<p>De conformidad con la Ley 34\/2002, de Servicios de la Sociedad de la Informaci\u00f3n y de Comercio Electr\u00f3nico, le informamos que esta web es titularidad de NUTRI WATER SL, (en adelante \u201cEL TITULAR\u201d), con CIF: B65558926, con domicilio en Calle Sevilla 9 P 1. 08940, Cornella De Llobregat (Barcelona). Espa\u00f1a<br \/>; tel\u00e9fono 902 023 756<br \/>.<\/p><p>\u00a0<\/p><p class=\"titol text-bold text-uppercase \"><strong>PROPIEDAD INTELECTUAL E INDUSTRIAL<\/strong><\/p><p>Los contenidos de este sitio, incluyendo los textos, im\u00e1genes y dise\u00f1os gr\u00e1ficos, pertenecen a EL TITULAR, o a terceros que han autorizado su uso. EL TITULAR presenta estos contenidos con fines de informaci\u00f3n y promoci\u00f3n. EL TITULAR autoriza su utilizaci\u00f3n exclusivamente con estas finalidades. Cualquier utilizaci\u00f3n de estos dise\u00f1os, im\u00e1genes o textos deber\u00e1 citar expresamente su pertenencia a EL TITULAR, quien se reserva el derecho a iniciar las acciones legales oportunas para reparar los da\u00f1os y perjuicios causados por cualquier acto que vulnere sus derechos de propiedad intelectual o industrial.<\/p><p>\u00a0<\/p><p class=\"titol text-bold text-uppercase \"><strong>EXCLUSI\u00d3N DE RESPONSABILIDAD<\/strong><\/p><p>EL TITULAR act\u00faa con la m\u00e1xima diligencia posible para que los datos y la informaci\u00f3n que ofrece en su sitio web est\u00e9 actualizada en tomo momento, si bien no garantiza ni se hace responsable de la exactitud y actualizaci\u00f3n de los contenidos del sitio web, reserv\u00e1ndose el derecho a modificar dichos contenidos en cualquier momento. EL TITULAR tampoco ser\u00e1 responsable de la informaci\u00f3n que se pueda obtener a trav\u00e9s de enlaces incluidos en el sitio web.<\/p><p>Las relaciones comerciales con los clientes se regir\u00e1n por las Condiciones Generales que, en su caso, se establezcan por EL TITULAR en un documento espec\u00edfico a tal efecto, o por los pactos concretos que pudieran acordarse con los clientes.<\/p><p>\u00a0<\/p><p class=\"titol text-bold text-uppercase \"><strong>CONDICIONES DE USO<\/strong><\/p><p>El uso de este sitio web implica la aceptaci\u00f3n plena de los t\u00e9rminos del presente aviso legal. Los posibles conflictos relativos a esta web se regir\u00e1n exclusivamente por el derecho del Estado Espa\u00f1ol. Toda persona usuaria de la web, independientemente de la jurisdicci\u00f3n territorial desde la cual se produzca su acceso, acepta el cumplimiento y respeto de estas cl\u00e1usulas con renuncia expresa a cualquier otro fuero que pudiera corresponderle.<\/p>\t\t\t\t\t\t\t\t<\/div>\n\t\t\t\t<\/div>\n\t\t\t\t\t<\/div>\n\t\t\t\t<\/div>\n\t\t\t\t<\/div>\n\t\t","protected":false},"excerpt":{"rendered":"<p>Home De conformidad con la Ley 34\/2002, de Servicios de la Sociedad de la Informaci\u00f3n y de Comercio Electr\u00f3nico, le informamos que esta web es titularidad de NUTRI WATER SL, (en adelante \u201cEL TITULAR\u201d), con CIF: B65558926, con domicilio en Calle Sevilla 9 P 1. 08940, Cornella De Llobregat (Barcelona). Espa\u00f1a; tel\u00e9fono 902 023 756.&hellip;&nbsp;<a href=\"https:\/\/nutribalance.cat\/ca\/aviso-legal\/\" rel=\"bookmark\"><span class=\"screen-reader-text\">Av\u00eds Legal<\/span><\/a><\/p>","protected":false},"author":1,"featured_media":0,"parent":0,"menu_order":0,"comment_status":"closed","ping_status":"closed","template":"page-templates\/template-pagebuilder-full-width.php","meta":{"neve_meta_sidebar":"","neve_meta_container":"","neve_meta_enable_content_width":"off","neve_meta_content_width":100,"neve_meta_title_alignment":"","neve_meta_author_avatar":"","neve_post_elements_order":"","neve_meta_disable_header":"","neve_meta_disable_footer":"","neve_meta_disable_title":"","footnotes":""},"class_list":["post-450","page","type-page","status-publish","hentry"],"yoast_head":"<!-- This site is optimized with the Yoast SEO plugin v27.0 - https:\/\/yoast.com\/product\/yoast-seo-wordpress\/ -->\n<title>Aviso legal - Nutri Balance | Transforma tu agua para un hogar m\u00e1s saludable<\/title>\n<meta name=\"robots\" content=\"index, follow, max-snippet:-1, max-image-preview:large, max-video-preview:-1\" \/>\n<link rel=\"canonical\" href=\"https:\/\/nutribalance.cat\/ca\/aviso-legal\/\" \/>\n<meta property=\"og:locale\" content=\"ca_ES\" \/>\n<meta property=\"og:type\" content=\"article\" \/>\n<meta property=\"og:title\" content=\"Aviso legal - Nutri Balance | Transforma tu agua para un hogar m\u00e1s saludable\" \/>\n<meta property=\"og:description\" content=\"Home De conformidad con la Ley 34\/2002, de Servicios de la Sociedad de la Informaci\u00f3n y de Comercio Electr\u00f3nico, le informamos que esta web es titularidad de NUTRI WATER SL, (en adelante \u201cEL TITULAR\u201d), con CIF: B65558926, con domicilio en Calle Sevilla 9 P 1. 08940, Cornella De Llobregat (Barcelona). Espa\u00f1a; tel\u00e9fono 902 023 756.&hellip;&nbsp;Aviso legal\" \/>\n<meta property=\"og:url\" content=\"https:\/\/nutribalance.cat\/ca\/aviso-legal\/\" \/>\n<meta property=\"og:site_name\" content=\"Nutri Balance | Transforma tu agua para un hogar m\u00e1s saludable\" \/>\n<meta property=\"article:modified_time\" content=\"2023-09-24T17:04:08+00:00\" \/>\n<meta name=\"twitter:card\" content=\"summary_large_image\" \/>\n<meta name=\"twitter:label1\" content=\"Temps estimat de lectura\" \/>\n\t<meta name=\"twitter:data1\" content=\"2 minuts\" \/>\n<script type=\"application\/ld+json\" class=\"yoast-schema-graph\">{\"@context\":\"https:\/\/schema.org\",\"@graph\":[{\"@type\":\"WebPage\",\"@id\":\"https:\/\/nutribalance.cat\/aviso-legal\/\",\"url\":\"https:\/\/nutribalance.cat\/aviso-legal\/\",\"name\":\"Aviso legal - Nutri Balance | Transforma tu agua para un hogar m\u00e1s saludable\",\"isPartOf\":{\"@id\":\"https:\/\/nutribalance.cat\/#website\"},\"datePublished\":\"2023-09-24T17:02:06+00:00\",\"dateModified\":\"2023-09-24T17:04:08+00:00\",\"breadcrumb\":{\"@id\":\"https:\/\/nutribalance.cat\/aviso-legal\/#breadcrumb\"},\"inLanguage\":\"ca\",\"potentialAction\":[{\"@type\":\"ReadAction\",\"target\":[\"https:\/\/nutribalance.cat\/aviso-legal\/\"]}]},{\"@type\":\"BreadcrumbList\",\"@id\":\"https:\/\/nutribalance.cat\/aviso-legal\/#breadcrumb\",\"itemListElement\":[{\"@type\":\"ListItem\",\"position\":1,\"name\":\"Portada\",\"item\":\"https:\/\/nutribalance.cat\/\"},{\"@type\":\"ListItem\",\"position\":2,\"name\":\"Aviso legal\"}]},{\"@type\":\"WebSite\",\"@id\":\"https:\/\/nutribalance.cat\/#website\",\"url\":\"https:\/\/nutribalance.cat\/\",\"name\":\"Nutri Balance | Transforma tu agua para un hogar m\u00e1s saludable\",\"description\":\"Conf\u00eda en Nutri Balance para la b\u00fasqueda de agua m\u00e1s limpia y saludable para tu hogar. En un mundo donde el acceso a agua de calidad es esencial, estamos aqu\u00ed para brindarte soluciones de vanguardia en m\u00e1quinas de tratamiento de agua dise\u00f1adas espec\u00edficamente para uso dom\u00e9stico.\",\"potentialAction\":[{\"@type\":\"SearchAction\",\"target\":{\"@type\":\"EntryPoint\",\"urlTemplate\":\"https:\/\/nutribalance.cat\/?s={search_term_string}\"},\"query-input\":{\"@type\":\"PropertyValueSpecification\",\"valueRequired\":true,\"valueName\":\"search_term_string\"}}],\"inLanguage\":\"ca\"}]}<\/script>\n<!-- \/ Yoast SEO plugin. -->","yoast_head_json":{"title":"Aviso legal - Nutri Balance | Transforma tu agua para un hogar m\u00e1s saludable","robots":{"index":"index","follow":"follow","max-snippet":"max-snippet:-1","max-image-preview":"max-image-preview:large","max-video-preview":"max-video-preview:-1"},"canonical":"https:\/\/nutribalance.cat\/ca\/aviso-legal\/","og_locale":"ca_ES","og_type":"article","og_title":"Aviso legal - Nutri Balance | Transforma tu agua para un hogar m\u00e1s saludable","og_description":"Home De conformidad con la Ley 34\/2002, de Servicios de la Sociedad de la Informaci\u00f3n y de Comercio Electr\u00f3nico, le informamos que esta web es titularidad de NUTRI WATER SL, (en adelante \u201cEL TITULAR\u201d), con CIF: B65558926, con domicilio en Calle Sevilla 9 P 1. 08940, Cornella De Llobregat (Barcelona). Espa\u00f1a; tel\u00e9fono 902 023 756.&hellip;&nbsp;Aviso legal","og_url":"https:\/\/nutribalance.cat\/ca\/aviso-legal\/","og_site_name":"Nutri Balance | Transforma tu agua para un hogar m\u00e1s saludable","article_modified_time":"2023-09-24T17:04:08+00:00","twitter_card":"summary_large_image","twitter_misc":{"Temps estimat de lectura":"2 minuts"},"schema":{"@context":"https:\/\/schema.org","@graph":[{"@type":"WebPage","@id":"https:\/\/nutribalance.cat\/aviso-legal\/","url":"https:\/\/nutribalance.cat\/aviso-legal\/","name":"Aviso legal - Nutri Balance | Transforma tu agua para un hogar m\u00e1s saludable","isPartOf":{"@id":"https:\/\/nutribalance.cat\/#website"},"datePublished":"2023-09-24T17:02:06+00:00","dateModified":"2023-09-24T17:04:08+00:00","breadcrumb":{"@id":"https:\/\/nutribalance.cat\/aviso-legal\/#breadcrumb"},"inLanguage":"ca","potentialAction":[{"@type":"ReadAction","target":["https:\/\/nutribalance.cat\/aviso-legal\/"]}]},{"@type":"BreadcrumbList","@id":"https:\/\/nutribalance.cat\/aviso-legal\/#breadcrumb","itemListElement":[{"@type":"ListItem","position":1,"name":"Portada","item":"https:\/\/nutribalance.cat\/"},{"@type":"ListItem","position":2,"name":"Aviso legal"}]},{"@type":"WebSite","@id":"https:\/\/nutribalance.cat\/#website","url":"https:\/\/nutribalance.cat\/","name":"Nutri Equilibri | es Transforma l&#039;aigua per a una alimentaci\u00f3 m\u00e9s saludable a casa","description":"Conf\u00eda en Nutri Balance para la b\u00fasqueda de agua m\u00e1s limpia y saludable para tu hogar. En un mundo donde el acceso a agua de calidad es esencial, estamos aqu\u00ed para brindarte soluciones de vanguardia en m\u00e1quinas de tratamiento de agua dise\u00f1adas espec\u00edficamente para uso dom\u00e9stico.","potentialAction":[{"@type":"SearchAction","target":{"@type":"EntryPoint","urlTemplate":"https:\/\/nutribalance.cat\/?s={search_term_string}"},"query-input":{"@type":"PropertyValueSpecification","valueRequired":true,"valueName":"search_term_string"}}],"inLanguage":"ca"}]}},"_links":{"self":[{"href":"https:\/\/nutribalance.cat\/ca\/wp-json\/wp\/v2\/pages\/450","targetHints":{"allow":["GET"]}}],"collection":[{"href":"https:\/\/nutribalance.cat\/ca\/wp-json\/wp\/v2\/pages"}],"about":[{"href":"https:\/\/nutribalance.cat\/ca\/wp-json\/wp\/v2\/types\/page"}],"author":[{"embeddable":true,"href":"https:\/\/nutribalance.cat\/ca\/wp-json\/wp\/v2\/users\/1"}],"replies":[{"embeddable":true,"href":"https:\/\/nutribalance.cat\/ca\/wp-json\/wp\/v2\/comments?post=450"}],"version-history":[{"count":4,"href":"https:\/\/nutribalance.cat\/ca\/wp-json\/wp\/v2\/pages\/450\/revisions"}],"predecessor-version":[{"id":454,"href":"https:\/\/nutribalance.cat\/ca\/wp-json\/wp\/v2\/pages\/450\/revisions\/454"}],"wp:attachment":[{"href":"https:\/\/nutribalance.cat\/ca\/wp-json\/wp\/v2\/media?parent=450"}],"curies":[{"name":"wp","href":"https:\/\/api.w.org\/{rel}","templated":true}]}}