{"id":196,"date":"2023-09-23T15:22:07","date_gmt":"2023-09-23T13:22:07","guid":{"rendered":"http:\/\/nutribalance.cat\/?page_id=196"},"modified":"2023-09-23T15:25:03","modified_gmt":"2023-09-23T13:25:03","slug":"blog","status":"publish","type":"page","link":"https:\/\/nutribalance.cat\/ca\/blog\/","title":{"rendered":"Blog"},"content":{"rendered":"<style>.elementor-196 .elementor-element.elementor-element-345216a1:not(.elementor-motion-effects-element-type-background), .elementor-196 .elementor-element.elementor-element-345216a1 > .elementor-motion-effects-container > .elementor-motion-effects-layer{background-image:url(\"https:\/\/nutribalance.cat\/wp-content\/uploads\/2023\/09\/8.jpg\");background-position:center center;background-repeat:no-repeat;background-size:cover;}.elementor-196 .elementor-element.elementor-element-345216a1 > .elementor-background-overlay{background-color:transparent;background-image:linear-gradient(180deg, var( --e-global-color-044b931 ) 0%, var( --e-global-color-bb890b8 ) 100%);opacity:0.6;transition:background 0.3s, border-radius 0.3s, opacity 0.3s;}.elementor-196 .elementor-element.elementor-element-345216a1{transition:background 0.3s, border 0.3s, border-radius 0.3s, box-shadow 0.3s;padding:14em 0em 7em 0em;}.elementor-bc-flex-widget .elementor-196 .elementor-element.elementor-element-5a66d0af.elementor-column .elementor-widget-wrap{align-items:center;}.elementor-196 .elementor-element.elementor-element-5a66d0af.elementor-column.elementor-element[data-element_type=\"column\"] > .elementor-widget-wrap.elementor-element-populated{align-content:center;align-items:center;}.elementor-196 .elementor-element.elementor-element-5a66d0af.elementor-column > .elementor-widget-wrap{justify-content:center;}.elementor-196 .elementor-element.elementor-element-75d1d8bf{text-align:center;z-index:1;}.elementor-196 .elementor-element.elementor-element-75d1d8bf .elementor-heading-title{font-family:var( --e-global-typography-a435f28-font-family ), Sans-serif;font-size:var( --e-global-typography-a435f28-font-size );font-weight:var( --e-global-typography-a435f28-font-weight );text-transform:var( --e-global-typography-a435f28-text-transform );line-height:var( --e-global-typography-a435f28-line-height );letter-spacing:var( --e-global-typography-a435f28-letter-spacing );word-spacing:var( --e-global-typography-a435f28-word-spacing );color:var( --e-global-color-accent );}.elementor-196 .elementor-element.elementor-element-59adf92d > .elementor-container{max-width:720px;}.elementor-196 .elementor-element.elementor-element-59adf92d{z-index:2;}.elementor-196 .elementor-element.elementor-element-3bed4c31 > .elementor-element-populated{padding:2em 2em 2em 2em;}.elementor-196 .elementor-element.elementor-element-15ca16cb{text-align:center;}.elementor-196 .elementor-element.elementor-element-15ca16cb .elementor-heading-title{color:var( --e-global-color-text );}.elementor-196 .elementor-element.elementor-element-23a462fc{text-align:center;}.elementor-196 .elementor-element.elementor-element-23a462fc .elementor-heading-title{color:var( --e-global-color-text );}.elementor-196 .elementor-element.elementor-element-2ab2ba4b{padding:3em 0em 7em 0em;}.elementor-196 .elementor-element.elementor-element-c3474f4 .elementor-posts-container .elementor-post__thumbnail{padding-bottom:calc( 0.66 * 100% );}.elementor-196 .elementor-element.elementor-element-c3474f4:after{content:\"0.66\";}.elementor-196 .elementor-element.elementor-element-c3474f4 .elementor-post__meta-data span + span:before{content:\"\u2022\";}.elementor-196 .elementor-element.elementor-element-c3474f4{--grid-column-gap:30px;--grid-row-gap:35px;}.elementor-196 .elementor-element.elementor-element-c3474f4 .elementor-post__text{margin-top:20px;}.elementor-196 .elementor-element.elementor-element-c3474f4 .elementor-pagination{text-align:center;}body:not(.rtl) .elementor-196 .elementor-element.elementor-element-c3474f4 .elementor-pagination .page-numbers:not(:first-child){margin-left:calc( 10px\/2 );}body:not(.rtl) .elementor-196 .elementor-element.elementor-element-c3474f4 .elementor-pagination .page-numbers:not(:last-child){margin-right:calc( 10px\/2 );}body.rtl .elementor-196 .elementor-element.elementor-element-c3474f4 .elementor-pagination .page-numbers:not(:first-child){margin-right:calc( 10px\/2 );}body.rtl .elementor-196 .elementor-element.elementor-element-c3474f4 .elementor-pagination .page-numbers:not(:last-child){margin-left:calc( 10px\/2 );}@media(min-width:1025px){.elementor-196 .elementor-element.elementor-element-345216a1:not(.elementor-motion-effects-element-type-background), .elementor-196 .elementor-element.elementor-element-345216a1 > .elementor-motion-effects-container > .elementor-motion-effects-layer{background-attachment:fixed;}}@media(max-width:1024px){.elementor-196 .elementor-element.elementor-element-345216a1{padding:10em 0em 5em 0em;}.elementor-196 .elementor-element.elementor-element-75d1d8bf .elementor-heading-title{font-size:var( --e-global-typography-a435f28-font-size );line-height:var( --e-global-typography-a435f28-line-height );letter-spacing:var( --e-global-typography-a435f28-letter-spacing );word-spacing:var( --e-global-typography-a435f28-word-spacing );}.elementor-196 .elementor-element.elementor-element-2ab2ba4b{padding:3em 1em 3em 1em;}}@media(max-width:767px){.elementor-196 .elementor-element.elementor-element-345216a1{padding:9em 0em 3em 0em;}.elementor-196 .elementor-element.elementor-element-75d1d8bf .elementor-heading-title{font-size:var( --e-global-typography-a435f28-font-size );line-height:var( --e-global-typography-a435f28-line-height );letter-spacing:var( --e-global-typography-a435f28-letter-spacing );word-spacing:var( --e-global-typography-a435f28-word-spacing );}.elementor-196 .elementor-element.elementor-element-2ab2ba4b{padding:2em 0em 2em 0em;}.elementor-196 .elementor-element.elementor-element-c3474f4 .elementor-posts-container .elementor-post__thumbnail{padding-bottom:calc( 0.5 * 100% );}.elementor-196 .elementor-element.elementor-element-c3474f4:after{content:\"0.5\";}}<\/style>\t\t<div data-elementor-type=\"wp-page\" data-elementor-id=\"196\" class=\"elementor elementor-196\" data-elementor-post-type=\"page\">\n\t\t\t\t\t\t<section class=\"elementor-section elementor-top-section elementor-element elementor-element-345216a1 elementor-section-boxed elementor-section-height-default elementor-section-height-default\" data-id=\"345216a1\" data-element_type=\"section\" data-e-type=\"section\" data-settings=\"{&quot;background_background&quot;:&quot;classic&quot;}\">\n\t\t\t\t\t\t\t<div class=\"elementor-background-overlay\"><\/div>\n\t\t\t\t\t\t\t<div class=\"elementor-container elementor-column-gap-default\">\n\t\t\t\t\t<div class=\"elementor-column elementor-col-100 elementor-top-column elementor-element elementor-element-5a66d0af\" data-id=\"5a66d0af\" data-element_type=\"column\" data-e-type=\"column\">\n\t\t\t<div class=\"elementor-widget-wrap elementor-element-populated\">\n\t\t\t\t\t\t<div class=\"elementor-element elementor-element-75d1d8bf elementor-absolute elementor-invisible elementor-widget elementor-widget-heading\" data-id=\"75d1d8bf\" data-element_type=\"widget\" data-e-type=\"widget\" data-settings=\"{&quot;_position&quot;:&quot;absolute&quot;,&quot;_animation&quot;:&quot;zoomIn&quot;}\" data-widget_type=\"heading.default\">\n\t\t\t\t<div class=\"elementor-widget-container\">\n\t\t\t\t\t<div class=\"elementor-heading-title elementor-size-default\">Blog<\/div>\t\t\t\t<\/div>\n\t\t\t\t<\/div>\n\t\t\t\t<section class=\"elementor-section elementor-inner-section elementor-element elementor-element-59adf92d elementor-section-boxed elementor-section-height-default elementor-section-height-default\" data-id=\"59adf92d\" data-element_type=\"section\" data-e-type=\"section\">\n\t\t\t\t\t\t<div class=\"elementor-container elementor-column-gap-default\">\n\t\t\t\t\t<div class=\"elementor-column elementor-col-100 elementor-inner-column elementor-element elementor-element-3bed4c31\" data-id=\"3bed4c31\" data-element_type=\"column\" data-e-type=\"column\">\n\t\t\t<div class=\"elementor-widget-wrap elementor-element-populated\">\n\t\t\t\t\t\t<div class=\"elementor-element elementor-element-15ca16cb elementor-invisible elementor-widget elementor-widget-heading\" data-id=\"15ca16cb\" data-element_type=\"widget\" data-e-type=\"widget\" data-settings=\"{&quot;_animation&quot;:&quot;fadeInUp&quot;}\" data-widget_type=\"heading.default\">\n\t\t\t\t<div class=\"elementor-widget-container\">\n\t\t\t\t\t<h1 class=\"elementor-heading-title elementor-size-default\">Blog<\/h1>\t\t\t\t<\/div>\n\t\t\t\t<\/div>\n\t\t\t\t\t<\/div>\n\t\t<\/div>\n\t\t\t\t\t<\/div>\n\t\t<\/section>\n\t\t\t\t\t<\/div>\n\t\t<\/div>\n\t\t\t\t\t<\/div>\n\t\t<\/section>\n\t\t\t\t<section class=\"elementor-section elementor-top-section elementor-element elementor-element-2ab2ba4b elementor-section-boxed elementor-section-height-default elementor-section-height-default\" data-id=\"2ab2ba4b\" data-element_type=\"section\" data-e-type=\"section\">\n\t\t\t\t\t\t<div class=\"elementor-container elementor-column-gap-default\">\n\t\t\t\t\t<div class=\"elementor-column elementor-col-100 elementor-top-column elementor-element elementor-element-3da37fd1\" data-id=\"3da37fd1\" data-element_type=\"column\" data-e-type=\"column\">\n\t\t\t<div class=\"elementor-widget-wrap elementor-element-populated\">\n\t\t\t\t\t\t<div class=\"elementor-element elementor-element-c3474f4 elementor-grid-3 elementor-grid-tablet-2 elementor-grid-mobile-1 elementor-posts--thumbnail-top elementor-card-shadow-yes elementor-posts__hover-gradient elementor-widget elementor-widget-posts\" data-id=\"c3474f4\" data-element_type=\"widget\" data-e-type=\"widget\" data-settings=\"{&quot;pagination_type&quot;:&quot;numbers_and_prev_next&quot;,&quot;cards_columns&quot;:&quot;3&quot;,&quot;cards_columns_tablet&quot;:&quot;2&quot;,&quot;cards_columns_mobile&quot;:&quot;1&quot;,&quot;cards_row_gap&quot;:{&quot;unit&quot;:&quot;px&quot;,&quot;size&quot;:35,&quot;sizes&quot;:[]},&quot;cards_row_gap_tablet&quot;:{&quot;unit&quot;:&quot;px&quot;,&quot;size&quot;:&quot;&quot;,&quot;sizes&quot;:[]},&quot;cards_row_gap_mobile&quot;:{&quot;unit&quot;:&quot;px&quot;,&quot;size&quot;:&quot;&quot;,&quot;sizes&quot;:[]}}\" data-widget_type=\"posts.cards\">\n\t\t\t\t<div class=\"elementor-widget-container\">\n\t\t\t\t\t\t\t<div class=\"elementor-posts-container elementor-posts elementor-posts--skin-cards elementor-grid\" role=\"list\">\n\t\t\t\t<article class=\"elementor-post elementor-grid-item post-806 post type-post status-publish format-standard has-post-thumbnail hentry category-sin-categoria\" role=\"listitem\">\n\t\t\t<div class=\"elementor-post__card\">\n\t\t\t\t<a class=\"elementor-post__thumbnail__link\" href=\"https:\/\/nutribalance.cat\/ca\/2023\/09\/26\/nutri-balance-lanza-su-innovadora-pagina-web-un-nuevo-capitulo-en-el-mundo-del-tratamiento-de-agua\/\" tabindex=\"-1\" ><div class=\"elementor-post__thumbnail\"><img fetchpriority=\"high\" decoding=\"async\" width=\"1920\" height=\"1080\" src=\"https:\/\/nutribalance.cat\/wp-content\/uploads\/2023\/09\/6-1.jpg\" class=\"attachment-full size-full wp-image-601\" alt=\"\" srcset=\"https:\/\/nutribalance.cat\/wp-content\/uploads\/2023\/09\/6-1.jpg 1920w, https:\/\/nutribalance.cat\/wp-content\/uploads\/2023\/09\/6-1-300x169.jpg 300w, https:\/\/nutribalance.cat\/wp-content\/uploads\/2023\/09\/6-1-1024x576.jpg 1024w, https:\/\/nutribalance.cat\/wp-content\/uploads\/2023\/09\/6-1-768x432.jpg 768w, https:\/\/nutribalance.cat\/wp-content\/uploads\/2023\/09\/6-1-1536x864.jpg 1536w\" sizes=\"(max-width: 1920px) 100vw, 1920px\" \/><\/div><\/a>\n\t\t\t\t<div class=\"elementor-post__text\">\n\t\t\t\t<h3 class=\"elementor-post__title\">\n\t\t\t<a href=\"https:\/\/nutribalance.cat\/ca\/2023\/09\/26\/nutri-balance-lanza-su-innovadora-pagina-web-un-nuevo-capitulo-en-el-mundo-del-tratamiento-de-agua\/\" >\n\t\t\t\tNutri Balance lanza su innovadora P\u00e1gina Web: Un nuevo cap\u00edtulo en el mundo del tratamiento de agua\t\t\t<\/a>\n\t\t<\/h3>\n\t\t\t\t<div class=\"elementor-post__excerpt\">\n\t\t\t<p>En Nutri Balance, estamos emocionados de presentar nuestra nueva p\u00e1gina web, un paso significativo en nuestra misi\u00f3n de proporcionar soluciones innovadoras y de alta calidad<\/p>\n\t\t<\/div>\n\t\t\n\t\t<a class=\"elementor-post__read-more\" href=\"https:\/\/nutribalance.cat\/ca\/2023\/09\/26\/nutri-balance-lanza-su-innovadora-pagina-web-un-nuevo-capitulo-en-el-mundo-del-tratamiento-de-agua\/\" aria-label=\"Read more about Nutri Balance lanza su innovadora P\u00e1gina Web: Un nuevo cap\u00edtulo en el mundo del tratamiento de agua\" tabindex=\"-1\" >\n\t\t\tLEER M\u00c1S\t\t<\/a>\n\n\t\t\t\t<\/div>\n\t\t\t\t\t<\/div>\n\t\t<\/article>\n\t\t\t\t<\/div>\n\t\t\n\t\t\t\t\t\t<\/div>\n\t\t\t\t<\/div>\n\t\t\t\t\t<\/div>\n\t\t<\/div>\n\t\t\t\t\t<\/div>\n\t\t<\/section>\n\t\t\t\t<\/div>\n\t\t","protected":false},"excerpt":{"rendered":"<p>Blog Blog<\/p>","protected":false},"author":1,"featured_media":0,"parent":0,"menu_order":0,"comment_status":"closed","ping_status":"closed","template":"page-templates\/template-pagebuilder-full-width.php","meta":{"neve_meta_sidebar":"","neve_meta_container":"","neve_meta_enable_content_width":"off","neve_meta_content_width":100,"neve_meta_title_alignment":"","neve_meta_author_avatar":"","neve_post_elements_order":"","neve_meta_disable_header":"","neve_meta_disable_footer":"","neve_meta_disable_title":"","footnotes":""},"class_list":["post-196","page","type-page","status-publish","hentry"],"yoast_head":"<!-- This site is optimized with the Yoast SEO plugin v27.0 - https:\/\/yoast.com\/product\/yoast-seo-wordpress\/ -->\n<title>Blog - Nutri Balance<\/title>\n<meta name=\"robots\" content=\"index, follow, max-snippet:-1, max-image-preview:large, max-video-preview:-1\" \/>\n<link rel=\"canonical\" href=\"https:\/\/nutribalance.cat\/ca\/blog\/\" \/>\n<meta property=\"og:locale\" content=\"ca_ES\" \/>\n<meta property=\"og:type\" content=\"article\" \/>\n<meta property=\"og:title\" content=\"Blog - Nutri Balance\" \/>\n<meta property=\"og:description\" content=\"Blog Blog\" \/>\n<meta property=\"og:url\" content=\"https:\/\/nutribalance.cat\/ca\/blog\/\" \/>\n<meta property=\"og:site_name\" content=\"Nutri Balance | Transforma tu agua para un hogar m\u00e1s saludable\" \/>\n<meta property=\"article:modified_time\" content=\"2023-09-23T13:25:03+00:00\" \/>\n<meta name=\"twitter:card\" content=\"summary_large_image\" \/>\n<script type=\"application\/ld+json\" class=\"yoast-schema-graph\">{\"@context\":\"https:\/\/schema.org\",\"@graph\":[{\"@type\":\"WebPage\",\"@id\":\"https:\/\/nutribalance.cat\/blog\/\",\"url\":\"https:\/\/nutribalance.cat\/blog\/\",\"name\":\"Blog - Nutri Balance\",\"isPartOf\":{\"@id\":\"https:\/\/nutribalance.cat\/#website\"},\"datePublished\":\"2023-09-23T13:22:07+00:00\",\"dateModified\":\"2023-09-23T13:25:03+00:00\",\"breadcrumb\":{\"@id\":\"https:\/\/nutribalance.cat\/blog\/#breadcrumb\"},\"inLanguage\":\"ca\",\"potentialAction\":[{\"@type\":\"ReadAction\",\"target\":[\"https:\/\/nutribalance.cat\/blog\/\"]}]},{\"@type\":\"BreadcrumbList\",\"@id\":\"https:\/\/nutribalance.cat\/blog\/#breadcrumb\",\"itemListElement\":[{\"@type\":\"ListItem\",\"position\":1,\"name\":\"Portada\",\"item\":\"https:\/\/nutribalance.cat\/\"},{\"@type\":\"ListItem\",\"position\":2,\"name\":\"Blog\"}]},{\"@type\":\"WebSite\",\"@id\":\"https:\/\/nutribalance.cat\/#website\",\"url\":\"https:\/\/nutribalance.cat\/\",\"name\":\"Nutri Balance | Transforma tu agua para un hogar m\u00e1s saludable\",\"description\":\"Conf\u00eda en Nutri Balance para la b\u00fasqueda de agua m\u00e1s limpia y saludable para tu hogar. En un mundo donde el acceso a agua de calidad es esencial, estamos aqu\u00ed para brindarte soluciones de vanguardia en m\u00e1quinas de tratamiento de agua dise\u00f1adas espec\u00edficamente para uso dom\u00e9stico.\",\"potentialAction\":[{\"@type\":\"SearchAction\",\"target\":{\"@type\":\"EntryPoint\",\"urlTemplate\":\"https:\/\/nutribalance.cat\/?s={search_term_string}\"},\"query-input\":{\"@type\":\"PropertyValueSpecification\",\"valueRequired\":true,\"valueName\":\"search_term_string\"}}],\"inLanguage\":\"ca\"}]}<\/script>\n<!-- \/ Yoast SEO plugin. -->","yoast_head_json":{"title":"Blog - Nutri Balance","robots":{"index":"index","follow":"follow","max-snippet":"max-snippet:-1","max-image-preview":"max-image-preview:large","max-video-preview":"max-video-preview:-1"},"canonical":"https:\/\/nutribalance.cat\/ca\/blog\/","og_locale":"ca_ES","og_type":"article","og_title":"Blog - Nutri Balance","og_description":"Blog Blog","og_url":"https:\/\/nutribalance.cat\/ca\/blog\/","og_site_name":"Nutri Balance | Transforma tu agua para un hogar m\u00e1s saludable","article_modified_time":"2023-09-23T13:25:03+00:00","twitter_card":"summary_large_image","schema":{"@context":"https:\/\/schema.org","@graph":[{"@type":"WebPage","@id":"https:\/\/nutribalance.cat\/blog\/","url":"https:\/\/nutribalance.cat\/blog\/","name":"Blog - Nutri Balance","isPartOf":{"@id":"https:\/\/nutribalance.cat\/#website"},"datePublished":"2023-09-23T13:22:07+00:00","dateModified":"2023-09-23T13:25:03+00:00","breadcrumb":{"@id":"https:\/\/nutribalance.cat\/blog\/#breadcrumb"},"inLanguage":"ca","potentialAction":[{"@type":"ReadAction","target":["https:\/\/nutribalance.cat\/blog\/"]}]},{"@type":"BreadcrumbList","@id":"https:\/\/nutribalance.cat\/blog\/#breadcrumb","itemListElement":[{"@type":"ListItem","position":1,"name":"Portada","item":"https:\/\/nutribalance.cat\/"},{"@type":"ListItem","position":2,"name":"Blog"}]},{"@type":"WebSite","@id":"https:\/\/nutribalance.cat\/#website","url":"https:\/\/nutribalance.cat\/","name":"Nutri Equilibri | es Transforma l&#039;aigua per a una alimentaci\u00f3 m\u00e9s saludable a casa","description":"Conf\u00eda en Nutri Balance para la b\u00fasqueda de agua m\u00e1s limpia y saludable para tu hogar. En un mundo donde el acceso a agua de calidad es esencial, estamos aqu\u00ed para brindarte soluciones de vanguardia en m\u00e1quinas de tratamiento de agua dise\u00f1adas espec\u00edficamente para uso dom\u00e9stico.","potentialAction":[{"@type":"SearchAction","target":{"@type":"EntryPoint","urlTemplate":"https:\/\/nutribalance.cat\/?s={search_term_string}"},"query-input":{"@type":"PropertyValueSpecification","valueRequired":true,"valueName":"search_term_string"}}],"inLanguage":"ca"}]}},"_links":{"self":[{"href":"https:\/\/nutribalance.cat\/ca\/wp-json\/wp\/v2\/pages\/196","targetHints":{"allow":["GET"]}}],"collection":[{"href":"https:\/\/nutribalance.cat\/ca\/wp-json\/wp\/v2\/pages"}],"about":[{"href":"https:\/\/nutribalance.cat\/ca\/wp-json\/wp\/v2\/types\/page"}],"author":[{"embeddable":true,"href":"https:\/\/nutribalance.cat\/ca\/wp-json\/wp\/v2\/users\/1"}],"replies":[{"embeddable":true,"href":"https:\/\/nutribalance.cat\/ca\/wp-json\/wp\/v2\/comments?post=196"}],"version-history":[{"count":10,"href":"https:\/\/nutribalance.cat\/ca\/wp-json\/wp\/v2\/pages\/196\/revisions"}],"predecessor-version":[{"id":210,"href":"https:\/\/nutribalance.cat\/ca\/wp-json\/wp\/v2\/pages\/196\/revisions\/210"}],"wp:attachment":[{"href":"https:\/\/nutribalance.cat\/ca\/wp-json\/wp\/v2\/media?parent=196"}],"curies":[{"name":"wp","href":"https:\/\/api.w.org\/{rel}","templated":true}]}}